{"id":1720,"date":"2018-04-20T13:45:34","date_gmt":"2018-04-20T11:45:34","guid":{"rendered":"https:\/\/www.hotelteledom.sk\/galeria\/"},"modified":"2019-03-10T22:00:39","modified_gmt":"2019-03-10T21:00:39","slug":"%d0%b3%d0%b0%d0%bb%d0%b5%d1%80%d0%b5%d1%8f","status":"publish","type":"page","link":"https:\/\/www.hotelteledom.sk\/ru\/%d0%b3%d0%b0%d0%bb%d0%b5%d1%80%d0%b5%d1%8f\/","title":{"rendered":"\u0413\u0430\u043b\u0435\u0440\u0435\u044f"},"content":{"rendered":"\t\t<div data-elementor-type=\"wp-post\" data-elementor-id=\"1720\" class=\"elementor elementor-1720\" data-elementor-post-type=\"page\">\n\t\t\t\t\t\t<section class=\"elementor-section elementor-top-section elementor-element elementor-element-256927c elementor-section-boxed elementor-section-height-default elementor-section-height-default\" data-id=\"256927c\" data-element_type=\"section\">\n\t\t\t\t\t\t<div class=\"elementor-container elementor-column-gap-default\">\n\t\t\t\t\t<div class=\"elementor-column elementor-col-100 elementor-top-column elementor-element elementor-element-e48c334\" data-id=\"e48c334\" data-element_type=\"column\">\n\t\t\t<div class=\"elementor-widget-wrap elementor-element-populated\">\n\t\t\t\t\t\t<div class=\"elementor-element elementor-element-921fe29 elementor-widget elementor-widget-heading\" data-id=\"921fe29\" data-element_type=\"widget\" data-widget_type=\"heading.default\">\n\t\t\t\t<div class=\"elementor-widget-container\">\n\t\t\t<h2 class=\"elementor-heading-title elementor-size-medium\">HOTEL***<\/h2>\t\t<\/div>\n\t\t\t\t<\/div>\n\t\t\t\t<div class=\"elementor-element elementor-element-d0fde14 elementor-align-center elementor-widget elementor-widget-button\" data-id=\"d0fde14\" data-element_type=\"widget\" data-widget_type=\"button.default\">\n\t\t\t\t<div class=\"elementor-widget-container\">\n\t\t\t\t\t<div class=\"elementor-button-wrapper\">\n\t\t\t<a class=\"elementor-button elementor-button-link elementor-size-sm\" href=\"http:\/\/rezervujte-hotelovu-izbu\/\">\n\t\t\t\t\t\t<span class=\"elementor-button-content-wrapper\">\n\t\t\t\t\t\t\t\t\t<span class=\"elementor-button-text\">Rezerv\u00e1cie izieb <\/span>\n\t\t\t\t\t<\/span>\n\t\t\t\t\t<\/a>\n\t\t<\/div>\n\t\t\t\t<\/div>\n\t\t\t\t<\/div>\n\t\t\t\t<div class=\"elementor-element elementor-element-4943715 elementor-widget elementor-widget-heading\" data-id=\"4943715\" data-element_type=\"widget\" data-widget_type=\"heading.default\">\n\t\t\t\t<div class=\"elementor-widget-container\">\n\t\t\t<h3 class=\"elementor-heading-title elementor-size-medium\">Sal\u00f3ny:<br><\/h3>\t\t<\/div>\n\t\t\t\t<\/div>\n\t\t\t\t<div class=\"elementor-element elementor-element-e02fbb9 elementor-align-center elementor-widget elementor-widget-button\" data-id=\"e02fbb9\" data-element_type=\"widget\" data-widget_type=\"button.default\">\n\t\t\t\t<div class=\"elementor-widget-container\">\n\t\t\t\t\t<div class=\"elementor-button-wrapper\">\n\t\t\t<a class=\"elementor-button elementor-button-link elementor-size-sm\" href=\"http:\/\/restauracia\/\">\n\t\t\t\t\t\t<span class=\"elementor-button-content-wrapper\">\n\t\t\t\t\t\t\t\t\t<span class=\"elementor-button-text\">Rezerv\u00e1cie sal\u00f3nov<\/span>\n\t\t\t\t\t<\/span>\n\t\t\t\t\t<\/a>\n\t\t<\/div>\n\t\t\t\t<\/div>\n\t\t\t\t<\/div>\n\t\t\t\t<div class=\"elementor-element elementor-element-b737f6c elementor-widget elementor-widget-heading\" data-id=\"b737f6c\" data-element_type=\"widget\" data-widget_type=\"heading.default\">\n\t\t\t\t<div class=\"elementor-widget-container\">\n\t\t\t<h2 class=\"elementor-heading-title elementor-size-medium\">Mestsk\u00e1 pivnica<br><\/h2>\t\t<\/div>\n\t\t\t\t<\/div>\n\t\t\t\t<div class=\"elementor-element elementor-element-ccb28f0 elementor-align-center elementor-widget elementor-widget-button\" data-id=\"ccb28f0\" data-element_type=\"widget\" data-widget_type=\"button.default\">\n\t\t\t\t<div class=\"elementor-widget-container\">\n\t\t\t\t\t<div class=\"elementor-button-wrapper\">\n\t\t\t<a class=\"elementor-button elementor-button-link elementor-size-sm\" href=\"http:\/\/restauracia\/\">\n\t\t\t\t\t\t<span class=\"elementor-button-content-wrapper\">\n\t\t\t\t\t\t\t\t\t<span class=\"elementor-button-text\">Denn\u00e9 menu<\/span>\n\t\t\t\t\t<\/span>\n\t\t\t\t\t<\/a>\n\t\t<\/div>\n\t\t\t\t<\/div>\n\t\t\t\t<\/div>\n\t\t\t\t<div class=\"elementor-element elementor-element-ca9d532 elementor-widget elementor-widget-heading\" data-id=\"ca9d532\" data-element_type=\"widget\" data-widget_type=\"heading.default\">\n\t\t\t\t<div class=\"elementor-widget-container\">\n\t\t\t<h2 class=\"elementor-heading-title elementor-size-medium\">Kaviare\u0148 Tele bistro:<\/h2>\t\t<\/div>\n\t\t\t\t<\/div>\n\t\t\t\t<div class=\"elementor-element elementor-element-23bb109 elementor-align-center elementor-widget elementor-widget-button\" data-id=\"23bb109\" data-element_type=\"widget\" data-widget_type=\"button.default\">\n\t\t\t\t<div class=\"elementor-widget-container\">\n\t\t\t\t\t<div class=\"elementor-button-wrapper\">\n\t\t\t<a class=\"elementor-button elementor-button-link elementor-size-sm\" href=\"http:\/\/kaviaren\/\">\n\t\t\t\t\t\t<span class=\"elementor-button-content-wrapper\">\n\t\t\t\t\t\t\t\t\t<span class=\"elementor-button-text\">viac o kaviarni tu<\/span>\n\t\t\t\t\t<\/span>\n\t\t\t\t\t<\/a>\n\t\t<\/div>\n\t\t\t\t<\/div>\n\t\t\t\t<\/div>\n\t\t\t\t\t<\/div>\n\t\t<\/div>\n\t\t\t\t\t<\/div>\n\t\t<\/section>\n\t\t\t\t<\/div>\n\t\t","protected":false},"excerpt":{"rendered":"<p>HOTEL*** Hotel Teledom *** Recepcia Ra\u0148ajky Ra\u0148ajky \u00c1trium Jednoposte\u013eov\u00e1 izba BUSINES Jednoposte\u013eov\u00e1 izba BUSINES Dvojposte\u013eov\u00e1 izba BUSINES Dvojposte\u013eov\u00e1 izba BUSINES Dvojposte\u013eov\u00e1 izba BUSINES Dvojposte\u013eov\u00e1 izba BUSINES Rodinn\u00fd apartm\u00e1nDvojposte\u013eov\u00e9 izby BUSINES Dvojposte\u013eov\u00e9 izba Economy Nad\u0161tandardn\u00fd apartm\u00e1n Jednoposte\u013eov\u00e1 izba Economy Rodinn\u00fd apartm\u00e1n Dvojposte\u013eov\u00e1 izba Economy Rodinn\u00fd apartm\u00e1n Rezerv\u00e1cie izieb Sal\u00f3ny: Mal\u00fd sal\u00f3n Mal\u00fd sal\u00f3n Mal\u00fd sal\u00f3n R\u00e1kocziho [&hellip;]<\/p>\n","protected":false},"author":1,"featured_media":0,"parent":0,"menu_order":0,"comment_status":"closed","ping_status":"closed","template":"","meta":{"footnotes":""},"class_list":["post-1720","page","type-page","status-publish","hentry"],"yoast_head":"<!-- This site is optimized with the Yoast SEO Premium plugin v27.3 (Yoast SEO v27.3) - https:\/\/yoast.com\/product\/yoast-seo-premium-wordpress\/ -->\n<title>\u0413\u0430\u043b\u0435\u0440\u0435\u044f - Hotel Teledom<\/title>\n<meta name=\"robots\" content=\"index, follow, max-snippet:-1, max-image-preview:large, max-video-preview:-1\" \/>\n<link rel=\"canonical\" href=\"https:\/\/www.hotelteledom.sk\/?page_id=1102\" \/>\n<meta property=\"og:locale\" content=\"ru_RU\" \/>\n<meta property=\"og:type\" content=\"article\" \/>\n<meta property=\"og:title\" content=\"\u0413\u0430\u043b\u0435\u0440\u0435\u044f\" \/>\n<meta property=\"og:description\" content=\"HOTEL*** Hotel Teledom *** Recepcia Ra\u0148ajky Ra\u0148ajky \u00c1trium Jednoposte\u013eov\u00e1 izba BUSINES Jednoposte\u013eov\u00e1 izba BUSINES Dvojposte\u013eov\u00e1 izba BUSINES Dvojposte\u013eov\u00e1 izba BUSINES Dvojposte\u013eov\u00e1 izba BUSINES Dvojposte\u013eov\u00e1 izba BUSINES Rodinn\u00fd apartm\u00e1nDvojposte\u013eov\u00e9 izby BUSINES Dvojposte\u013eov\u00e9 izba Economy Nad\u0161tandardn\u00fd apartm\u00e1n Jednoposte\u013eov\u00e1 izba Economy Rodinn\u00fd apartm\u00e1n Dvojposte\u013eov\u00e1 izba Economy Rodinn\u00fd apartm\u00e1n Rezerv\u00e1cie izieb Sal\u00f3ny: Mal\u00fd sal\u00f3n Mal\u00fd sal\u00f3n Mal\u00fd sal\u00f3n R\u00e1kocziho [&hellip;]\" \/>\n<meta property=\"og:url\" content=\"https:\/\/www.hotelteledom.sk\/?page_id=1102\" \/>\n<meta property=\"og:site_name\" content=\"Hotel Teledom\" \/>\n<meta property=\"article:publisher\" content=\"https:\/\/www.facebook.com\/teledomonline\" \/>\n<meta property=\"article:modified_time\" content=\"2019-03-10T21:00:39+00:00\" \/>\n<meta property=\"og:image\" content=\"https:\/\/www.hotelteledom.sk\/wp-content\/uploads\/2018\/04\/hotel-teledom-exterier.jpg\" \/>\n<meta name=\"twitter:card\" content=\"summary_large_image\" \/>\n<meta name=\"twitter:label1\" content=\"\u041f\u0440\u0438\u043c\u0435\u0440\u043d\u043e\u0435 \u0432\u0440\u0435\u043c\u044f \u0434\u043b\u044f \u0447\u0442\u0435\u043d\u0438\u044f\" \/>\n\t<meta name=\"twitter:data1\" content=\"1 \u043c\u0438\u043d\u0443\u0442\u0430\" \/>\n<script type=\"application\/ld+json\" class=\"yoast-schema-graph\">{\"@context\":\"https:\\\/\\\/schema.org\",\"@graph\":[{\"@type\":\"WebPage\",\"@id\":\"https:\\\/\\\/www.hotelteledom.sk\\\/?page_id=1102\",\"url\":\"https:\\\/\\\/www.hotelteledom.sk\\\/?page_id=1102\",\"name\":\"\u0413\u0430\u043b\u0435\u0440\u0435\u044f - Hotel Teledom\",\"isPartOf\":{\"@id\":\"https:\\\/\\\/www.hotelteledom.sk\\\/#website\"},\"primaryImageOfPage\":{\"@id\":\"https:\\\/\\\/www.hotelteledom.sk\\\/?page_id=1102#primaryimage\"},\"image\":{\"@id\":\"https:\\\/\\\/www.hotelteledom.sk\\\/?page_id=1102#primaryimage\"},\"thumbnailUrl\":\"https:\\\/\\\/www.hotelteledom.sk\\\/wp-content\\\/uploads\\\/2018\\\/04\\\/hotel-teledom-exterier.jpg\",\"datePublished\":\"2018-04-20T11:45:34+00:00\",\"dateModified\":\"2019-03-10T21:00:39+00:00\",\"breadcrumb\":{\"@id\":\"https:\\\/\\\/www.hotelteledom.sk\\\/?page_id=1102#breadcrumb\"},\"inLanguage\":\"ru-RU\",\"potentialAction\":[{\"@type\":\"ReadAction\",\"target\":[\"https:\\\/\\\/www.hotelteledom.sk\\\/?page_id=1102\"]}]},{\"@type\":\"ImageObject\",\"inLanguage\":\"ru-RU\",\"@id\":\"https:\\\/\\\/www.hotelteledom.sk\\\/?page_id=1102#primaryimage\",\"url\":\"https:\\\/\\\/www.hotelteledom.sk\\\/wp-content\\\/uploads\\\/2018\\\/04\\\/hotel-teledom-exterier.jpg\",\"contentUrl\":\"https:\\\/\\\/www.hotelteledom.sk\\\/wp-content\\\/uploads\\\/2018\\\/04\\\/hotel-teledom-exterier.jpg\"},{\"@type\":\"BreadcrumbList\",\"@id\":\"https:\\\/\\\/www.hotelteledom.sk\\\/?page_id=1102#breadcrumb\",\"itemListElement\":[{\"@type\":\"ListItem\",\"position\":1,\"name\":\"Domovsk\u00e1 str\u00e1nka\",\"item\":\"https:\\\/\\\/www.hotelteledom.sk\\\/\"},{\"@type\":\"ListItem\",\"position\":2,\"name\":\"\u0413\u0430\u043b\u0435\u0440\u0435\u044f\"}]},{\"@type\":\"WebSite\",\"@id\":\"https:\\\/\\\/www.hotelteledom.sk\\\/#website\",\"url\":\"https:\\\/\\\/www.hotelteledom.sk\\\/\",\"name\":\"Hotel TeleDom & Conference Center\",\"description\":\"Trojhviezdi\u010dkov\u00fd hotel, re\u0161taur\u00e1cia Mestsk\u00e1 Pivnica a konferen\u010dn\u00e9 centrum v historickom centre Ko\u0161\u00edc, 200 m od D\u00f3mu sv. Al\u017ebety.\",\"publisher\":{\"@id\":\"https:\\\/\\\/www.hotelteledom.sk\\\/#organization\"},\"alternateName\":\"Hotel TeleDom\",\"potentialAction\":[{\"@type\":\"SearchAction\",\"target\":{\"@type\":\"EntryPoint\",\"urlTemplate\":\"https:\\\/\\\/www.hotelteledom.sk\\\/?s={search_term_string}\"},\"query-input\":{\"@type\":\"PropertyValueSpecification\",\"valueRequired\":true,\"valueName\":\"search_term_string\"}}],\"inLanguage\":\"ru-RU\"},{\"@type\":\"Organization\",\"@id\":\"https:\\\/\\\/www.hotelteledom.sk\\\/#organization\",\"name\":\"Novitech Partner s.r.o.\",\"url\":\"https:\\\/\\\/www.hotelteledom.sk\\\/\",\"logo\":{\"@type\":\"ImageObject\",\"inLanguage\":\"ru-RU\",\"@id\":\"https:\\\/\\\/www.hotelteledom.sk\\\/#\\\/schema\\\/logo\\\/image\\\/\",\"url\":\"https:\\\/\\\/www.hotelteledom.sk\\\/wp-content\\\/uploads\\\/2022\\\/08\\\/cropped-teledom-logotyp-2021-2_\u041c\u043e\u043d\u0442\u0430\u0436\u043d\u0430\u044f-\u043e\u0431\u043b\u0430\u0441\u0442\u044c-1.png\",\"contentUrl\":\"https:\\\/\\\/www.hotelteledom.sk\\\/wp-content\\\/uploads\\\/2022\\\/08\\\/cropped-teledom-logotyp-2021-2_\u041c\u043e\u043d\u0442\u0430\u0436\u043d\u0430\u044f-\u043e\u0431\u043b\u0430\u0441\u0442\u044c-1.png\",\"width\":512,\"height\":512,\"caption\":\"Novitech Partner s.r.o.\"},\"image\":{\"@id\":\"https:\\\/\\\/www.hotelteledom.sk\\\/#\\\/schema\\\/logo\\\/image\\\/\"},\"sameAs\":[\"https:\\\/\\\/www.facebook.com\\\/teledomonline\",\"https:\\\/\\\/www.instagram.com\\\/teledomkosice\\\/\"],\"description\":\"Trojhviezdi\u010dkov\u00fd hotel, re\u0161taur\u00e1cia Mestsk\u00e1 Pivnica a konferen\u010dn\u00e9 centrum v historickom centre Ko\u0161\u00edc, 200 m od D\u00f3mu sv. Al\u017ebety.\",\"email\":\"online@teledom.sk\",\"telephone\":\"+421 55 327 44 01\",\"legalName\":\"Novitech Partner s.r.o.\",\"foundingDate\":\"2001-01-08\",\"vatID\":\"SK2020061043\",\"taxID\":\"2020061043\",\"numberOfEmployees\":{\"@type\":\"QuantitativeValue\",\"minValue\":\"11\",\"maxValue\":\"50\"},\"publishingPrinciples\":\"https:\\\/\\\/www.hotelteledom.sk\\\/gdpr-system-ochrany-osobnych-udajov-v-ramci-spolocnosti-novitech-partner-s-r-o\\\/\",\"ownershipFundingInfo\":\"https:\\\/\\\/www.hotelteledom.sk\\\/gdpr-system-ochrany-osobnych-udajov-v-ramci-spolocnosti-novitech-partner-s-r-o\\\/\",\"actionableFeedbackPolicy\":\"https:\\\/\\\/www.hotelteledom.sk\\\/gdpr-system-ochrany-osobnych-udajov-v-ramci-spolocnosti-novitech-partner-s-r-o\\\/\"}]}<\/script>\n<!-- \/ Yoast SEO Premium plugin. -->","yoast_head_json":{"title":"\u0413\u0430\u043b\u0435\u0440\u0435\u044f - Hotel Teledom","robots":{"index":"index","follow":"follow","max-snippet":"max-snippet:-1","max-image-preview":"max-image-preview:large","max-video-preview":"max-video-preview:-1"},"canonical":"https:\/\/www.hotelteledom.sk\/?page_id=1102","og_locale":"ru_RU","og_type":"article","og_title":"\u0413\u0430\u043b\u0435\u0440\u0435\u044f","og_description":"HOTEL*** Hotel Teledom *** Recepcia Ra\u0148ajky Ra\u0148ajky \u00c1trium Jednoposte\u013eov\u00e1 izba BUSINES Jednoposte\u013eov\u00e1 izba BUSINES Dvojposte\u013eov\u00e1 izba BUSINES Dvojposte\u013eov\u00e1 izba BUSINES Dvojposte\u013eov\u00e1 izba BUSINES Dvojposte\u013eov\u00e1 izba BUSINES Rodinn\u00fd apartm\u00e1nDvojposte\u013eov\u00e9 izby BUSINES Dvojposte\u013eov\u00e9 izba Economy Nad\u0161tandardn\u00fd apartm\u00e1n Jednoposte\u013eov\u00e1 izba Economy Rodinn\u00fd apartm\u00e1n Dvojposte\u013eov\u00e1 izba Economy Rodinn\u00fd apartm\u00e1n Rezerv\u00e1cie izieb Sal\u00f3ny: Mal\u00fd sal\u00f3n Mal\u00fd sal\u00f3n Mal\u00fd sal\u00f3n R\u00e1kocziho [&hellip;]","og_url":"https:\/\/www.hotelteledom.sk\/?page_id=1102","og_site_name":"Hotel Teledom","article_publisher":"https:\/\/www.facebook.com\/teledomonline","article_modified_time":"2019-03-10T21:00:39+00:00","og_image":[{"url":"https:\/\/www.hotelteledom.sk\/wp-content\/uploads\/2018\/04\/hotel-teledom-exterier.jpg","type":"","width":"","height":""}],"twitter_card":"summary_large_image","twitter_misc":{"\u041f\u0440\u0438\u043c\u0435\u0440\u043d\u043e\u0435 \u0432\u0440\u0435\u043c\u044f \u0434\u043b\u044f \u0447\u0442\u0435\u043d\u0438\u044f":"1 \u043c\u0438\u043d\u0443\u0442\u0430"},"schema":{"@context":"https:\/\/schema.org","@graph":[{"@type":"WebPage","@id":"https:\/\/www.hotelteledom.sk\/?page_id=1102","url":"https:\/\/www.hotelteledom.sk\/?page_id=1102","name":"\u0413\u0430\u043b\u0435\u0440\u0435\u044f - Hotel Teledom","isPartOf":{"@id":"https:\/\/www.hotelteledom.sk\/#website"},"primaryImageOfPage":{"@id":"https:\/\/www.hotelteledom.sk\/?page_id=1102#primaryimage"},"image":{"@id":"https:\/\/www.hotelteledom.sk\/?page_id=1102#primaryimage"},"thumbnailUrl":"https:\/\/www.hotelteledom.sk\/wp-content\/uploads\/2018\/04\/hotel-teledom-exterier.jpg","datePublished":"2018-04-20T11:45:34+00:00","dateModified":"2019-03-10T21:00:39+00:00","breadcrumb":{"@id":"https:\/\/www.hotelteledom.sk\/?page_id=1102#breadcrumb"},"inLanguage":"ru-RU","potentialAction":[{"@type":"ReadAction","target":["https:\/\/www.hotelteledom.sk\/?page_id=1102"]}]},{"@type":"ImageObject","inLanguage":"ru-RU","@id":"https:\/\/www.hotelteledom.sk\/?page_id=1102#primaryimage","url":"https:\/\/www.hotelteledom.sk\/wp-content\/uploads\/2018\/04\/hotel-teledom-exterier.jpg","contentUrl":"https:\/\/www.hotelteledom.sk\/wp-content\/uploads\/2018\/04\/hotel-teledom-exterier.jpg"},{"@type":"BreadcrumbList","@id":"https:\/\/www.hotelteledom.sk\/?page_id=1102#breadcrumb","itemListElement":[{"@type":"ListItem","position":1,"name":"Domovsk\u00e1 str\u00e1nka","item":"https:\/\/www.hotelteledom.sk\/"},{"@type":"ListItem","position":2,"name":"\u0413\u0430\u043b\u0435\u0440\u0435\u044f"}]},{"@type":"WebSite","@id":"https:\/\/www.hotelteledom.sk\/#website","url":"https:\/\/www.hotelteledom.sk\/","name":"Hotel TeleDom & Conference Center","description":"Trojhviezdi\u010dkov\u00fd hotel, re\u0161taur\u00e1cia Mestsk\u00e1 Pivnica a konferen\u010dn\u00e9 centrum v historickom centre Ko\u0161\u00edc, 200 m od D\u00f3mu sv. Al\u017ebety.","publisher":{"@id":"https:\/\/www.hotelteledom.sk\/#organization"},"alternateName":"Hotel TeleDom","potentialAction":[{"@type":"SearchAction","target":{"@type":"EntryPoint","urlTemplate":"https:\/\/www.hotelteledom.sk\/?s={search_term_string}"},"query-input":{"@type":"PropertyValueSpecification","valueRequired":true,"valueName":"search_term_string"}}],"inLanguage":"ru-RU"},{"@type":"Organization","@id":"https:\/\/www.hotelteledom.sk\/#organization","name":"Novitech Partner s.r.o.","url":"https:\/\/www.hotelteledom.sk\/","logo":{"@type":"ImageObject","inLanguage":"ru-RU","@id":"https:\/\/www.hotelteledom.sk\/#\/schema\/logo\/image\/","url":"https:\/\/www.hotelteledom.sk\/wp-content\/uploads\/2022\/08\/cropped-teledom-logotyp-2021-2_\u041c\u043e\u043d\u0442\u0430\u0436\u043d\u0430\u044f-\u043e\u0431\u043b\u0430\u0441\u0442\u044c-1.png","contentUrl":"https:\/\/www.hotelteledom.sk\/wp-content\/uploads\/2022\/08\/cropped-teledom-logotyp-2021-2_\u041c\u043e\u043d\u0442\u0430\u0436\u043d\u0430\u044f-\u043e\u0431\u043b\u0430\u0441\u0442\u044c-1.png","width":512,"height":512,"caption":"Novitech Partner s.r.o."},"image":{"@id":"https:\/\/www.hotelteledom.sk\/#\/schema\/logo\/image\/"},"sameAs":["https:\/\/www.facebook.com\/teledomonline","https:\/\/www.instagram.com\/teledomkosice\/"],"description":"Trojhviezdi\u010dkov\u00fd hotel, re\u0161taur\u00e1cia Mestsk\u00e1 Pivnica a konferen\u010dn\u00e9 centrum v historickom centre Ko\u0161\u00edc, 200 m od D\u00f3mu sv. Al\u017ebety.","email":"online@teledom.sk","telephone":"+421 55 327 44 01","legalName":"Novitech Partner s.r.o.","foundingDate":"2001-01-08","vatID":"SK2020061043","taxID":"2020061043","numberOfEmployees":{"@type":"QuantitativeValue","minValue":"11","maxValue":"50"},"publishingPrinciples":"https:\/\/www.hotelteledom.sk\/gdpr-system-ochrany-osobnych-udajov-v-ramci-spolocnosti-novitech-partner-s-r-o\/","ownershipFundingInfo":"https:\/\/www.hotelteledom.sk\/gdpr-system-ochrany-osobnych-udajov-v-ramci-spolocnosti-novitech-partner-s-r-o\/","actionableFeedbackPolicy":"https:\/\/www.hotelteledom.sk\/gdpr-system-ochrany-osobnych-udajov-v-ramci-spolocnosti-novitech-partner-s-r-o\/"}]}},"_links":{"self":[{"href":"https:\/\/www.hotelteledom.sk\/ru\/wp-json\/wp\/v2\/pages\/1720","targetHints":{"allow":["GET"]}}],"collection":[{"href":"https:\/\/www.hotelteledom.sk\/ru\/wp-json\/wp\/v2\/pages"}],"about":[{"href":"https:\/\/www.hotelteledom.sk\/ru\/wp-json\/wp\/v2\/types\/page"}],"author":[{"embeddable":true,"href":"https:\/\/www.hotelteledom.sk\/ru\/wp-json\/wp\/v2\/users\/1"}],"replies":[{"embeddable":true,"href":"https:\/\/www.hotelteledom.sk\/ru\/wp-json\/wp\/v2\/comments?post=1720"}],"version-history":[{"count":3,"href":"https:\/\/www.hotelteledom.sk\/ru\/wp-json\/wp\/v2\/pages\/1720\/revisions"}],"predecessor-version":[{"id":2522,"href":"https:\/\/www.hotelteledom.sk\/ru\/wp-json\/wp\/v2\/pages\/1720\/revisions\/2522"}],"wp:attachment":[{"href":"https:\/\/www.hotelteledom.sk\/ru\/wp-json\/wp\/v2\/media?parent=1720"}],"curies":[{"name":"wp","href":"https:\/\/api.w.org\/{rel}","templated":true}]}}