{"id":9820,"date":"2026-04-28T16:49:14","date_gmt":"2026-04-28T14:49:14","guid":{"rendered":"https:\/\/www.hotelteledom.sk\/mestska-pivnica\/"},"modified":"2026-04-28T18:52:14","modified_gmt":"2026-04-28T16:52:14","slug":"mestska-pivnica","status":"publish","type":"page","link":"https:\/\/www.hotelteledom.sk\/hu\/mestska-pivnica\/","title":{"rendered":"Mestsk\u00e1 Pivnica"},"content":{"rendered":"\t\t<div data-elementor-type=\"wp-page\" data-elementor-id=\"9820\" class=\"elementor elementor-9820 elementor-4468\" data-elementor-post-type=\"page\">\n\t\t\t\t\t\t<section class=\"elementor-section elementor-top-section elementor-element elementor-element-8b107b9 elementor-section-boxed elementor-section-height-default elementor-section-height-default\" data-id=\"8b107b9\" data-element_type=\"section\">\n\t\t\t\t\t\t<div class=\"elementor-container elementor-column-gap-default\">\n\t\t\t\t\t<div class=\"elementor-column elementor-col-100 elementor-top-column elementor-element elementor-element-27dd91c\" data-id=\"27dd91c\" data-element_type=\"column\">\n\t\t\t<div class=\"elementor-widget-wrap elementor-element-populated\">\n\t\t\t\t\t\t<div class=\"elementor-element elementor-element-2f5b030 elementor--h-position-center elementor--v-position-middle elementor-arrows-position-inside elementor-widget elementor-widget-slides\" data-id=\"2f5b030\" data-element_type=\"widget\" data-settings=\"{&quot;navigation&quot;:&quot;arrows&quot;,&quot;autoplay&quot;:&quot;yes&quot;,&quot;pause_on_hover&quot;:&quot;yes&quot;,&quot;pause_on_interaction&quot;:&quot;yes&quot;,&quot;autoplay_speed&quot;:5000,&quot;infinite&quot;:&quot;yes&quot;,&quot;transition&quot;:&quot;slide&quot;,&quot;transition_speed&quot;:500}\" data-widget_type=\"slides.default\">\n\t\t\t\t<div class=\"elementor-widget-container\">\n\t\t\t\t\t<div class=\"elementor-swiper\">\n\t\t\t<div class=\"elementor-slides-wrapper elementor-main-swiper swiper\" dir=\"ltr\" data-animation=\"fadeInUp\">\n\t\t\t\t<div class=\"swiper-wrapper elementor-slides\">\n\t\t\t\t\t\t\t\t\t\t<div class=\"elementor-repeater-item-ee7c5bc swiper-slide\"><div class=\"swiper-slide-bg elementor-ken-burns elementor-ken-burns--in\" role=\"img\"><\/div><div class=\"elementor-background-overlay\"><\/div><div class=\"swiper-slide-inner\" ><div class=\"swiper-slide-contents\"><div class=\"elementor-slide-heading\">MESTSK\u00c1 PIVNICA<\/div><\/div><\/div><\/div><div class=\"elementor-repeater-item-2df859d swiper-slide\"><div class=\"swiper-slide-bg elementor-ken-burns elementor-ken-burns--in\" role=\"img\"><\/div><div class=\"elementor-background-overlay\"><\/div><div class=\"swiper-slide-inner\" ><div class=\"swiper-slide-contents\"><div class=\"elementor-slide-heading\">MESTSK\u00c1 PIVNICA<\/div><\/div><\/div><\/div><div class=\"elementor-repeater-item-6df3f35 swiper-slide\"><div class=\"swiper-slide-bg elementor-ken-burns elementor-ken-burns--in\" role=\"img\"><\/div><div class=\"elementor-background-overlay\"><\/div><div class=\"swiper-slide-inner\" ><div class=\"swiper-slide-contents\"><div class=\"elementor-slide-heading\">MESTSK\u00c1 PIVNICA<\/div><\/div><\/div><\/div>\t\t\t\t<\/div>\n\t\t\t\t\t\t\t\t\t\t\t\t\t\t\t\t\t\t\t\t<div class=\"elementor-swiper-button elementor-swiper-button-prev\" role=\"button\" tabindex=\"0\">\n\t\t\t\t\t\t\t<i aria-hidden=\"true\" class=\"eicon-chevron-left\"><\/i>\t\t\t\t\t\t\t<span class=\"elementor-screen-only\">Previous slide<\/span>\n\t\t\t\t\t\t<\/div>\n\t\t\t\t\t\t<div class=\"elementor-swiper-button elementor-swiper-button-next\" role=\"button\" tabindex=\"0\">\n\t\t\t\t\t\t\t<i aria-hidden=\"true\" class=\"eicon-chevron-right\"><\/i>\t\t\t\t\t\t\t<span class=\"elementor-screen-only\">Next slide<\/span>\n\t\t\t\t\t\t<\/div>\n\t\t\t\t\t\t\t\t\t\t\t\t<\/div>\n\t\t<\/div>\n\t\t\t\t<\/div>\n\t\t\t\t<\/div>\n\t\t\t\t\t<\/div>\n\t\t<\/div>\n\t\t\t\t\t<\/div>\n\t\t<\/section>\n\t\t\t\t<section class=\"elementor-section elementor-top-section elementor-element elementor-element-0561854 elementor-section-boxed elementor-section-height-default elementor-section-height-default\" data-id=\"0561854\" data-element_type=\"section\">\n\t\t\t\t\t\t<div class=\"elementor-container elementor-column-gap-default\">\n\t\t\t\t\t<div class=\"elementor-column elementor-col-100 elementor-top-column elementor-element elementor-element-963ca23\" data-id=\"963ca23\" data-element_type=\"column\">\n\t\t\t<div class=\"elementor-widget-wrap elementor-element-populated\">\n\t\t\t\t\t\t<div class=\"elementor-element elementor-element-44347fa elementor-widget elementor-widget-text-editor\" data-id=\"44347fa\" data-element_type=\"widget\" data-widget_type=\"text-editor.default\">\n\t\t\t\t<div class=\"elementor-widget-container\">\n\t\t\t\t\t\t\t<blockquote>\n<h4>A Mestsk\u00e1 Pivnica egyed\u00fcl\u00e1ll\u00f3 \u00e9tterem, melynek gazdag t\u00f6rt\u00e9nete eg\u00e9szen 1841-ig ny\u00falik vissza. Eredeti \u00e1llapot\u00e1ba eleg\u00e1nsan fel\u00faj\u00edtva, t\u00f6rt\u00e9nelmi f\u00e9nyk\u00e9pek gal\u00e9ri\u00e1ja \u00e9s min\u0151s\u00e9gi hord\u00f3s borok teszik teljess\u00e9 a hangulatot.&nbsp;<\/h4>\n<h4>Ez a st\u00edlusos pince \u00edzletes napi men\u00fcvel, valamint alkoholos \u00e9s alkoholmentes italok v\u00e1laszt\u00e9k\u00e1val fogadja vend\u00e9geit.&nbsp;<\/h4>\n<h4>A Mestsk\u00e1 Pivnica kellemes \u00e9rz\u00e9st \u00e9s pihen\u00e9st ny\u00fajt a munkasz\u00fcnet alatt.<\/h4><\/blockquote>\t\t\t\t\t\t<\/div>\n\t\t\t\t<\/div>\n\t\t\t\t\t<\/div>\n\t\t<\/div>\n\t\t\t\t\t<\/div>\n\t\t<\/section>\n\t\t\t\t<\/div>\n\t\t","protected":false},"excerpt":{"rendered":"<p>MESTSK\u00c1 PIVNICAMESTSK\u00c1 PIVNICAMESTSK\u00c1 PIVNICA Previous slide Next slide A Mestsk\u00e1 Pivnica egyed\u00fcl\u00e1ll\u00f3 \u00e9tterem, melynek gazdag t\u00f6rt\u00e9nete eg\u00e9szen 1841-ig ny\u00falik vissza. Eredeti \u00e1llapot\u00e1ba eleg\u00e1nsan fel\u00faj\u00edtva, t\u00f6rt\u00e9nelmi f\u00e9nyk\u00e9pek gal\u00e9ri\u00e1ja \u00e9s min\u0151s\u00e9gi hord\u00f3s borok teszik teljess\u00e9 a hangulatot.&nbsp; Ez a st\u00edlusos pince \u00edzletes napi men\u00fcvel, valamint alkoholos \u00e9s alkoholmentes italok v\u00e1laszt\u00e9k\u00e1val fogadja vend\u00e9geit.&nbsp; A Mestsk\u00e1 Pivnica kellemes \u00e9rz\u00e9st [&hellip;]<\/p>\n","protected":false},"author":10,"featured_media":1740,"parent":0,"menu_order":0,"comment_status":"closed","ping_status":"closed","template":"","meta":{"footnotes":""},"class_list":["post-9820","page","type-page","status-publish","has-post-thumbnail","hentry"],"yoast_head":"<!-- This site is optimized with the Yoast SEO Premium plugin v27.3 (Yoast SEO v27.3) - https:\/\/yoast.com\/product\/yoast-seo-premium-wordpress\/ -->\n<title>Mestsk\u00e1 Pivnica Kassa | T\u00f6rt\u00e9nelmi \u00e9tterem 1841 \u00f3ta - Hotel Teledom<\/title>\n<meta name=\"description\" content=\"Mestsk\u00e1 Pivnica \u2013 t\u00f6rt\u00e9nelmi \u00e9tterem Kass\u00e1n 1841 \u00f3ta. Eleg\u00e1nsan fel\u00faj\u00edtva, ide\u00e1lis vacsor\u00e1khoz, \u00fcnneps\u00e9gekhez \u00e9s t\u00e1rsas\u00e1gi esem\u00e9nyekhez.\" \/>\n<meta name=\"robots\" content=\"index, follow, max-snippet:-1, max-image-preview:large, max-video-preview:-1\" \/>\n<link rel=\"canonical\" href=\"https:\/\/www.hotelteledom.sk\/ru\/mestska-pivnica\/\" \/>\n<meta property=\"og:locale\" content=\"hu_HU\" \/>\n<meta property=\"og:type\" content=\"article\" \/>\n<meta property=\"og:title\" content=\"Mestsk\u00e1 Pivnica\" \/>\n<meta property=\"og:description\" content=\"Mestsk\u00e1 Pivnica \u2013 t\u00f6rt\u00e9nelmi \u00e9tterem Kass\u00e1n 1841 \u00f3ta. Eleg\u00e1nsan fel\u00faj\u00edtva, ide\u00e1lis vacsor\u00e1khoz, \u00fcnneps\u00e9gekhez \u00e9s t\u00e1rsas\u00e1gi esem\u00e9nyekhez.\" \/>\n<meta property=\"og:url\" content=\"https:\/\/www.hotelteledom.sk\/ru\/mestska-pivnica\/\" \/>\n<meta property=\"og:site_name\" content=\"Hotel Teledom\" \/>\n<meta property=\"article:publisher\" content=\"https:\/\/www.facebook.com\/teledomonline\" \/>\n<meta property=\"article:modified_time\" content=\"2026-04-28T16:52:14+00:00\" \/>\n<meta property=\"og:image\" content=\"https:\/\/www.hotelteledom.sk\/wp-content\/uploads\/2018\/08\/hotel-teledom-pivnica-2.jpg\" \/>\n\t<meta property=\"og:image:width\" content=\"1000\" \/>\n\t<meta property=\"og:image:height\" content=\"667\" \/>\n\t<meta property=\"og:image:type\" content=\"image\/jpeg\" \/>\n<meta name=\"twitter:card\" content=\"summary_large_image\" \/>\n<script type=\"application\/ld+json\" class=\"yoast-schema-graph\">{\"@context\":\"https:\\\/\\\/schema.org\",\"@graph\":[{\"@type\":\"WebPage\",\"@id\":\"https:\\\/\\\/www.hotelteledom.sk\\\/ru\\\/mestska-pivnica\\\/\",\"url\":\"https:\\\/\\\/www.hotelteledom.sk\\\/ru\\\/mestska-pivnica\\\/\",\"name\":\"Mestsk\u00e1 Pivnica Kassa | T\u00f6rt\u00e9nelmi \u00e9tterem 1841 \u00f3ta - Hotel Teledom\",\"isPartOf\":{\"@id\":\"https:\\\/\\\/www.hotelteledom.sk\\\/#website\"},\"primaryImageOfPage\":{\"@id\":\"https:\\\/\\\/www.hotelteledom.sk\\\/ru\\\/mestska-pivnica\\\/#primaryimage\"},\"image\":{\"@id\":\"https:\\\/\\\/www.hotelteledom.sk\\\/ru\\\/mestska-pivnica\\\/#primaryimage\"},\"thumbnailUrl\":\"https:\\\/\\\/www.hotelteledom.sk\\\/wp-content\\\/uploads\\\/2018\\\/08\\\/hotel-teledom-pivnica-2.jpg\",\"datePublished\":\"2026-04-28T14:49:14+00:00\",\"dateModified\":\"2026-04-28T16:52:14+00:00\",\"description\":\"Mestsk\u00e1 Pivnica \u2013 t\u00f6rt\u00e9nelmi \u00e9tterem Kass\u00e1n 1841 \u00f3ta. Eleg\u00e1nsan fel\u00faj\u00edtva, ide\u00e1lis vacsor\u00e1khoz, \u00fcnneps\u00e9gekhez \u00e9s t\u00e1rsas\u00e1gi esem\u00e9nyekhez.\",\"breadcrumb\":{\"@id\":\"https:\\\/\\\/www.hotelteledom.sk\\\/ru\\\/mestska-pivnica\\\/#breadcrumb\"},\"inLanguage\":\"hu\",\"potentialAction\":[{\"@type\":\"ReadAction\",\"target\":[\"https:\\\/\\\/www.hotelteledom.sk\\\/ru\\\/mestska-pivnica\\\/\"]}]},{\"@type\":\"ImageObject\",\"inLanguage\":\"hu\",\"@id\":\"https:\\\/\\\/www.hotelteledom.sk\\\/ru\\\/mestska-pivnica\\\/#primaryimage\",\"url\":\"https:\\\/\\\/www.hotelteledom.sk\\\/wp-content\\\/uploads\\\/2018\\\/08\\\/hotel-teledom-pivnica-2.jpg\",\"contentUrl\":\"https:\\\/\\\/www.hotelteledom.sk\\\/wp-content\\\/uploads\\\/2018\\\/08\\\/hotel-teledom-pivnica-2.jpg\",\"width\":1000,\"height\":667,\"caption\":\"Mestsk\u00e1 Pivnica \u2013 \u0161t\u00fdlov\u00e1 re\u0161taur\u00e1cia v Hoteli TeleDom\"},{\"@type\":\"BreadcrumbList\",\"@id\":\"https:\\\/\\\/www.hotelteledom.sk\\\/ru\\\/mestska-pivnica\\\/#breadcrumb\",\"itemListElement\":[{\"@type\":\"ListItem\",\"position\":1,\"name\":\"Domovsk\u00e1 str\u00e1nka\",\"item\":\"https:\\\/\\\/www.hotelteledom.sk\\\/\"},{\"@type\":\"ListItem\",\"position\":2,\"name\":\"Mestsk\u00e1 Pivnica\"}]},{\"@type\":\"WebSite\",\"@id\":\"https:\\\/\\\/www.hotelteledom.sk\\\/#website\",\"url\":\"https:\\\/\\\/www.hotelteledom.sk\\\/\",\"name\":\"Hotel TeleDom & Conference Center\",\"description\":\"Trojhviezdi\u010dkov\u00fd hotel, re\u0161taur\u00e1cia Mestsk\u00e1 Pivnica a konferen\u010dn\u00e9 centrum v historickom centre Ko\u0161\u00edc, 200 m od D\u00f3mu sv. Al\u017ebety.\",\"publisher\":{\"@id\":\"https:\\\/\\\/www.hotelteledom.sk\\\/#organization\"},\"alternateName\":\"Hotel TeleDom\",\"potentialAction\":[{\"@type\":\"SearchAction\",\"target\":{\"@type\":\"EntryPoint\",\"urlTemplate\":\"https:\\\/\\\/www.hotelteledom.sk\\\/?s={search_term_string}\"},\"query-input\":{\"@type\":\"PropertyValueSpecification\",\"valueRequired\":true,\"valueName\":\"search_term_string\"}}],\"inLanguage\":\"hu\"},{\"@type\":\"Organization\",\"@id\":\"https:\\\/\\\/www.hotelteledom.sk\\\/#organization\",\"name\":\"Novitech Partner s.r.o.\",\"url\":\"https:\\\/\\\/www.hotelteledom.sk\\\/\",\"logo\":{\"@type\":\"ImageObject\",\"inLanguage\":\"hu\",\"@id\":\"https:\\\/\\\/www.hotelteledom.sk\\\/#\\\/schema\\\/logo\\\/image\\\/\",\"url\":\"https:\\\/\\\/www.hotelteledom.sk\\\/wp-content\\\/uploads\\\/2022\\\/08\\\/cropped-teledom-logotyp-2021-2_\u041c\u043e\u043d\u0442\u0430\u0436\u043d\u0430\u044f-\u043e\u0431\u043b\u0430\u0441\u0442\u044c-1.png\",\"contentUrl\":\"https:\\\/\\\/www.hotelteledom.sk\\\/wp-content\\\/uploads\\\/2022\\\/08\\\/cropped-teledom-logotyp-2021-2_\u041c\u043e\u043d\u0442\u0430\u0436\u043d\u0430\u044f-\u043e\u0431\u043b\u0430\u0441\u0442\u044c-1.png\",\"width\":512,\"height\":512,\"caption\":\"Novitech Partner s.r.o.\"},\"image\":{\"@id\":\"https:\\\/\\\/www.hotelteledom.sk\\\/#\\\/schema\\\/logo\\\/image\\\/\"},\"sameAs\":[\"https:\\\/\\\/www.facebook.com\\\/teledomonline\",\"https:\\\/\\\/www.instagram.com\\\/teledomkosice\\\/\"],\"description\":\"Trojhviezdi\u010dkov\u00fd hotel, re\u0161taur\u00e1cia Mestsk\u00e1 Pivnica a konferen\u010dn\u00e9 centrum v historickom centre Ko\u0161\u00edc, 200 m od D\u00f3mu sv. Al\u017ebety.\",\"email\":\"online@teledom.sk\",\"telephone\":\"+421 55 327 44 01\",\"legalName\":\"Novitech Partner s.r.o.\",\"foundingDate\":\"2001-01-08\",\"vatID\":\"SK2020061043\",\"taxID\":\"2020061043\",\"numberOfEmployees\":{\"@type\":\"QuantitativeValue\",\"minValue\":\"11\",\"maxValue\":\"50\"},\"publishingPrinciples\":\"https:\\\/\\\/www.hotelteledom.sk\\\/gdpr-system-ochrany-osobnych-udajov-v-ramci-spolocnosti-novitech-partner-s-r-o\\\/\",\"ownershipFundingInfo\":\"https:\\\/\\\/www.hotelteledom.sk\\\/gdpr-system-ochrany-osobnych-udajov-v-ramci-spolocnosti-novitech-partner-s-r-o\\\/\",\"actionableFeedbackPolicy\":\"https:\\\/\\\/www.hotelteledom.sk\\\/gdpr-system-ochrany-osobnych-udajov-v-ramci-spolocnosti-novitech-partner-s-r-o\\\/\"}]}<\/script>\n<!-- \/ Yoast SEO Premium plugin. -->","yoast_head_json":{"title":"Mestsk\u00e1 Pivnica Kassa | T\u00f6rt\u00e9nelmi \u00e9tterem 1841 \u00f3ta - Hotel Teledom","description":"Mestsk\u00e1 Pivnica \u2013 t\u00f6rt\u00e9nelmi \u00e9tterem Kass\u00e1n 1841 \u00f3ta. Eleg\u00e1nsan fel\u00faj\u00edtva, ide\u00e1lis vacsor\u00e1khoz, \u00fcnneps\u00e9gekhez \u00e9s t\u00e1rsas\u00e1gi esem\u00e9nyekhez.","robots":{"index":"index","follow":"follow","max-snippet":"max-snippet:-1","max-image-preview":"max-image-preview:large","max-video-preview":"max-video-preview:-1"},"canonical":"https:\/\/www.hotelteledom.sk\/ru\/mestska-pivnica\/","og_locale":"hu_HU","og_type":"article","og_title":"Mestsk\u00e1 Pivnica","og_description":"Mestsk\u00e1 Pivnica \u2013 t\u00f6rt\u00e9nelmi \u00e9tterem Kass\u00e1n 1841 \u00f3ta. Eleg\u00e1nsan fel\u00faj\u00edtva, ide\u00e1lis vacsor\u00e1khoz, \u00fcnneps\u00e9gekhez \u00e9s t\u00e1rsas\u00e1gi esem\u00e9nyekhez.","og_url":"https:\/\/www.hotelteledom.sk\/ru\/mestska-pivnica\/","og_site_name":"Hotel Teledom","article_publisher":"https:\/\/www.facebook.com\/teledomonline","article_modified_time":"2026-04-28T16:52:14+00:00","og_image":[{"width":1000,"height":667,"url":"https:\/\/www.hotelteledom.sk\/wp-content\/uploads\/2018\/08\/hotel-teledom-pivnica-2.jpg","type":"image\/jpeg"}],"twitter_card":"summary_large_image","schema":{"@context":"https:\/\/schema.org","@graph":[{"@type":"WebPage","@id":"https:\/\/www.hotelteledom.sk\/ru\/mestska-pivnica\/","url":"https:\/\/www.hotelteledom.sk\/ru\/mestska-pivnica\/","name":"Mestsk\u00e1 Pivnica Kassa | T\u00f6rt\u00e9nelmi \u00e9tterem 1841 \u00f3ta - Hotel Teledom","isPartOf":{"@id":"https:\/\/www.hotelteledom.sk\/#website"},"primaryImageOfPage":{"@id":"https:\/\/www.hotelteledom.sk\/ru\/mestska-pivnica\/#primaryimage"},"image":{"@id":"https:\/\/www.hotelteledom.sk\/ru\/mestska-pivnica\/#primaryimage"},"thumbnailUrl":"https:\/\/www.hotelteledom.sk\/wp-content\/uploads\/2018\/08\/hotel-teledom-pivnica-2.jpg","datePublished":"2026-04-28T14:49:14+00:00","dateModified":"2026-04-28T16:52:14+00:00","description":"Mestsk\u00e1 Pivnica \u2013 t\u00f6rt\u00e9nelmi \u00e9tterem Kass\u00e1n 1841 \u00f3ta. Eleg\u00e1nsan fel\u00faj\u00edtva, ide\u00e1lis vacsor\u00e1khoz, \u00fcnneps\u00e9gekhez \u00e9s t\u00e1rsas\u00e1gi esem\u00e9nyekhez.","breadcrumb":{"@id":"https:\/\/www.hotelteledom.sk\/ru\/mestska-pivnica\/#breadcrumb"},"inLanguage":"hu","potentialAction":[{"@type":"ReadAction","target":["https:\/\/www.hotelteledom.sk\/ru\/mestska-pivnica\/"]}]},{"@type":"ImageObject","inLanguage":"hu","@id":"https:\/\/www.hotelteledom.sk\/ru\/mestska-pivnica\/#primaryimage","url":"https:\/\/www.hotelteledom.sk\/wp-content\/uploads\/2018\/08\/hotel-teledom-pivnica-2.jpg","contentUrl":"https:\/\/www.hotelteledom.sk\/wp-content\/uploads\/2018\/08\/hotel-teledom-pivnica-2.jpg","width":1000,"height":667,"caption":"Mestsk\u00e1 Pivnica \u2013 \u0161t\u00fdlov\u00e1 re\u0161taur\u00e1cia v Hoteli TeleDom"},{"@type":"BreadcrumbList","@id":"https:\/\/www.hotelteledom.sk\/ru\/mestska-pivnica\/#breadcrumb","itemListElement":[{"@type":"ListItem","position":1,"name":"Domovsk\u00e1 str\u00e1nka","item":"https:\/\/www.hotelteledom.sk\/"},{"@type":"ListItem","position":2,"name":"Mestsk\u00e1 Pivnica"}]},{"@type":"WebSite","@id":"https:\/\/www.hotelteledom.sk\/#website","url":"https:\/\/www.hotelteledom.sk\/","name":"Hotel TeleDom & Conference Center","description":"Trojhviezdi\u010dkov\u00fd hotel, re\u0161taur\u00e1cia Mestsk\u00e1 Pivnica a konferen\u010dn\u00e9 centrum v historickom centre Ko\u0161\u00edc, 200 m od D\u00f3mu sv. Al\u017ebety.","publisher":{"@id":"https:\/\/www.hotelteledom.sk\/#organization"},"alternateName":"Hotel TeleDom","potentialAction":[{"@type":"SearchAction","target":{"@type":"EntryPoint","urlTemplate":"https:\/\/www.hotelteledom.sk\/?s={search_term_string}"},"query-input":{"@type":"PropertyValueSpecification","valueRequired":true,"valueName":"search_term_string"}}],"inLanguage":"hu"},{"@type":"Organization","@id":"https:\/\/www.hotelteledom.sk\/#organization","name":"Novitech Partner s.r.o.","url":"https:\/\/www.hotelteledom.sk\/","logo":{"@type":"ImageObject","inLanguage":"hu","@id":"https:\/\/www.hotelteledom.sk\/#\/schema\/logo\/image\/","url":"https:\/\/www.hotelteledom.sk\/wp-content\/uploads\/2022\/08\/cropped-teledom-logotyp-2021-2_\u041c\u043e\u043d\u0442\u0430\u0436\u043d\u0430\u044f-\u043e\u0431\u043b\u0430\u0441\u0442\u044c-1.png","contentUrl":"https:\/\/www.hotelteledom.sk\/wp-content\/uploads\/2022\/08\/cropped-teledom-logotyp-2021-2_\u041c\u043e\u043d\u0442\u0430\u0436\u043d\u0430\u044f-\u043e\u0431\u043b\u0430\u0441\u0442\u044c-1.png","width":512,"height":512,"caption":"Novitech Partner s.r.o."},"image":{"@id":"https:\/\/www.hotelteledom.sk\/#\/schema\/logo\/image\/"},"sameAs":["https:\/\/www.facebook.com\/teledomonline","https:\/\/www.instagram.com\/teledomkosice\/"],"description":"Trojhviezdi\u010dkov\u00fd hotel, re\u0161taur\u00e1cia Mestsk\u00e1 Pivnica a konferen\u010dn\u00e9 centrum v historickom centre Ko\u0161\u00edc, 200 m od D\u00f3mu sv. Al\u017ebety.","email":"online@teledom.sk","telephone":"+421 55 327 44 01","legalName":"Novitech Partner s.r.o.","foundingDate":"2001-01-08","vatID":"SK2020061043","taxID":"2020061043","numberOfEmployees":{"@type":"QuantitativeValue","minValue":"11","maxValue":"50"},"publishingPrinciples":"https:\/\/www.hotelteledom.sk\/gdpr-system-ochrany-osobnych-udajov-v-ramci-spolocnosti-novitech-partner-s-r-o\/","ownershipFundingInfo":"https:\/\/www.hotelteledom.sk\/gdpr-system-ochrany-osobnych-udajov-v-ramci-spolocnosti-novitech-partner-s-r-o\/","actionableFeedbackPolicy":"https:\/\/www.hotelteledom.sk\/gdpr-system-ochrany-osobnych-udajov-v-ramci-spolocnosti-novitech-partner-s-r-o\/"}]}},"_links":{"self":[{"href":"https:\/\/www.hotelteledom.sk\/hu\/wp-json\/wp\/v2\/pages\/9820","targetHints":{"allow":["GET"]}}],"collection":[{"href":"https:\/\/www.hotelteledom.sk\/hu\/wp-json\/wp\/v2\/pages"}],"about":[{"href":"https:\/\/www.hotelteledom.sk\/hu\/wp-json\/wp\/v2\/types\/page"}],"author":[{"embeddable":true,"href":"https:\/\/www.hotelteledom.sk\/hu\/wp-json\/wp\/v2\/users\/10"}],"replies":[{"embeddable":true,"href":"https:\/\/www.hotelteledom.sk\/hu\/wp-json\/wp\/v2\/comments?post=9820"}],"version-history":[{"count":7,"href":"https:\/\/www.hotelteledom.sk\/hu\/wp-json\/wp\/v2\/pages\/9820\/revisions"}],"predecessor-version":[{"id":9990,"href":"https:\/\/www.hotelteledom.sk\/hu\/wp-json\/wp\/v2\/pages\/9820\/revisions\/9990"}],"wp:featuredmedia":[{"embeddable":true,"href":"https:\/\/www.hotelteledom.sk\/hu\/wp-json\/wp\/v2\/media\/1740"}],"wp:attachment":[{"href":"https:\/\/www.hotelteledom.sk\/hu\/wp-json\/wp\/v2\/media?parent=9820"}],"curies":[{"name":"wp","href":"https:\/\/api.w.org\/{rel}","templated":true}]}}