{"id":1415,"date":"2018-04-25T00:24:47","date_gmt":"2018-04-24T22:24:47","guid":{"rendered":"http:\/\/www.hotelteledom.sk\/ponuka-dna\/"},"modified":"2019-11-05T17:18:09","modified_gmt":"2019-11-05T16:18:09","slug":"napi-kinalat","status":"publish","type":"page","link":"https:\/\/www.hotelteledom.sk\/hu\/napi-kinalat\/","title":{"rendered":"Napi k\u00edn\u00e1lat"},"content":{"rendered":"\t\t<div data-elementor-type=\"wp-post\" data-elementor-id=\"1415\" class=\"elementor elementor-1415\" data-elementor-post-type=\"page\">\n\t\t\t\t\t\t<section class=\"elementor-section elementor-top-section elementor-element elementor-element-775efa2 elementor-section-boxed elementor-section-height-default elementor-section-height-default\" data-id=\"775efa2\" data-element_type=\"section\">\n\t\t\t\t\t\t<div class=\"elementor-container elementor-column-gap-default\">\n\t\t\t\t\t<div class=\"elementor-column elementor-col-100 elementor-top-column elementor-element elementor-element-d22ee99\" data-id=\"d22ee99\" data-element_type=\"column\">\n\t\t\t<div class=\"elementor-widget-wrap elementor-element-populated\">\n\t\t\t\t\t\t<div class=\"elementor-element elementor-element-9e5e591 elementor-widget elementor-widget-text-editor\" data-id=\"9e5e591\" data-element_type=\"widget\" data-widget_type=\"text-editor.default\">\n\t\t\t\t<div class=\"elementor-widget-container\">\n\t\t\t\t\t\t\t<h2><span style=\"color: #008000;\"><strong>TELEDOM<\/strong><\/span><\/h2>\t\t\t\t\t\t<\/div>\n\t\t\t\t<\/div>\n\t\t\t\t\t<\/div>\n\t\t<\/div>\n\t\t\t\t\t<\/div>\n\t\t<\/section>\n\t\t\t\t<section class=\"elementor-section elementor-top-section elementor-element elementor-element-7c27456 elementor-section-boxed elementor-section-height-default elementor-section-height-default\" data-id=\"7c27456\" data-element_type=\"section\">\n\t\t\t\t\t\t<div class=\"elementor-container elementor-column-gap-default\">\n\t\t\t\t\t<div class=\"elementor-column elementor-col-100 elementor-top-column elementor-element elementor-element-940e07c\" data-id=\"940e07c\" data-element_type=\"column\">\n\t\t\t<div class=\"elementor-widget-wrap elementor-element-populated\">\n\t\t\t\t\t\t<div class=\"elementor-element elementor-element-f1c7a12 elementor-widget elementor-widget-text-editor\" data-id=\"f1c7a12\" data-element_type=\"widget\" data-widget_type=\"text-editor.default\">\n\t\t\t\t<div class=\"elementor-widget-container\">\n\t\t\t\t\t\t\t<p><strong>TeleDom Gasztron\u00f3mia <br \/><\/strong>Konyh\u00e1nk jellegzetess\u00e9ge a szezon\u00e1lis \u00e9s region\u00e1lis k\u00edn\u00e1lat. A t\u00f6rt\u00e9nelmi m\u00falt\u00fa TeleDom Hotel \u00e9ttermei a Slow Food (kom\u00f3tos \u00e9tkez\u00e9s) elfogadott szab\u00e1lyainak betart\u00e1s\u00e1val k\u00edn\u00e1lnak olyan finoms\u00e1gokat, amelyek a helyi gasztron\u00f3miai hagyom\u00e1nyokat jellemzik. Az \u00e9teleket kiz\u00e1r\u00f3lag friss helyi nyersanyagb\u00f3l k\u00e9sz\u00edtj\u00fck, amelyek besz\u00e1ll\u00edt\u00f3i megb\u00edzhat\u00f3 \u0151stermel\u0151k. A h\u00fast \u00e9s h\u00fask\u00e9sz\u00edtm\u00e9nyeket csak a helyi, ill. k\u00f6rny\u00e9kbeli besz\u00e1ll\u00edt\u00f3kt\u00f3l biztos\u00edtjuk. A z\u00f6lds\u00e9g \u00e9s gy\u00fcm\u00f6lcs szlov\u00e1kiai kertekb\u0151l \u00e9s gy\u00fcm\u00f6lcs\u00f6s\u00f6kb\u0151l sz\u00e1rmazik. A p\u00e9k\u00e1ruk \u00e9s t\u00e9sztaf\u00e9l\u00e9k saj\u00e1t k\u00e9sz\u00edt\u00e9s\u0171ek.<\/p>\t\t\t\t\t\t<\/div>\n\t\t\t\t<\/div>\n\t\t\t\t\t<\/div>\n\t\t<\/div>\n\t\t\t\t\t<\/div>\n\t\t<\/section>\n\t\t\t\t<section class=\"elementor-section elementor-top-section elementor-element elementor-element-8b118ba elementor-section-boxed elementor-section-height-default elementor-section-height-default\" data-id=\"8b118ba\" data-element_type=\"section\">\n\t\t\t\t\t\t<div class=\"elementor-container elementor-column-gap-default\">\n\t\t\t\t\t<div class=\"elementor-column elementor-col-100 elementor-top-column elementor-element elementor-element-5edcb49\" data-id=\"5edcb49\" data-element_type=\"column\">\n\t\t\t<div class=\"elementor-widget-wrap elementor-element-populated\">\n\t\t\t\t\t\t<div class=\"elementor-element elementor-element-3cd3ae9 elementor-widget elementor-widget-text-editor\" data-id=\"3cd3ae9\" data-element_type=\"widget\" data-widget_type=\"text-editor.default\">\n\t\t\t\t<div class=\"elementor-widget-container\">\n\t\t\t\t\t\t\t<p><strong>\u00c1trium \u00c9tterem<\/strong><strong><br \/><\/strong>Konyh\u00e1nk jellegzetess\u00e9ge a friss helyi nyersanyagokb\u00f3l \u00f6ssze\u00e1ll\u00edtott szezon\u00e1lis \u00e9s region\u00e1lis k\u00edn\u00e1lat.\u00a0 A felszolg\u00e1lt z\u00f6lds\u00e9geket \u00e9s gy\u00fcm\u00f6lcs\u00f6ket a kiv\u00e1lasztott besz\u00e1ll\u00edt\u00f3ink otthon termesztik. A friss csirke, sert\u00e9s \u00e9s marhah\u00fas is k\u00f6zvetlen\u00fcl szlov\u00e1kiai sz\u00e1ll\u00edt\u00f3kt\u00f3l ker\u00fcl beszerz\u00e9sre. A friss p\u00e9k\u00e1rut \u00e9s t\u00e9sztaf\u00e9l\u00e9ket magunk k\u00e9sz\u00edtj\u00fck. Az \u00f6sszes \u00f6sszetev\u0151 term\u00e9szetes eredet\u0171!<\/p>\t\t\t\t\t\t<\/div>\n\t\t\t\t<\/div>\n\t\t\t\t\t<\/div>\n\t\t<\/div>\n\t\t\t\t\t<\/div>\n\t\t<\/section>\n\t\t\t\t<\/div>\n\t\t","protected":false},"excerpt":{"rendered":"<p>TELEDOM TeleDom Gasztron\u00f3mia Konyh\u00e1nk jellegzetess\u00e9ge a szezon\u00e1lis \u00e9s region\u00e1lis k\u00edn\u00e1lat. A t\u00f6rt\u00e9nelmi m\u00falt\u00fa TeleDom Hotel \u00e9ttermei a Slow Food (kom\u00f3tos \u00e9tkez\u00e9s) elfogadott szab\u00e1lyainak betart\u00e1s\u00e1val k\u00edn\u00e1lnak olyan finoms\u00e1gokat, amelyek a helyi gasztron\u00f3miai hagyom\u00e1nyokat jellemzik. Az \u00e9teleket kiz\u00e1r\u00f3lag friss helyi nyersanyagb\u00f3l k\u00e9sz\u00edtj\u00fck, amelyek besz\u00e1ll\u00edt\u00f3i megb\u00edzhat\u00f3 \u0151stermel\u0151k. A h\u00fast \u00e9s h\u00fask\u00e9sz\u00edtm\u00e9nyeket csak a helyi, ill. k\u00f6rny\u00e9kbeli besz\u00e1ll\u00edt\u00f3kt\u00f3l biztos\u00edtjuk. [&hellip;]<\/p>\n","protected":false},"author":1,"featured_media":0,"parent":0,"menu_order":0,"comment_status":"closed","ping_status":"closed","template":"","meta":{"footnotes":""},"class_list":["post-1415","page","type-page","status-publish","hentry"],"yoast_head":"<!-- This site is optimized with the Yoast SEO Premium plugin v27.3 (Yoast SEO v27.3) - https:\/\/yoast.com\/product\/yoast-seo-premium-wordpress\/ -->\n<title>Napi k\u00edn\u00e1lat - Hotel Teledom<\/title>\n<meta name=\"robots\" content=\"index, follow, max-snippet:-1, max-image-preview:large, max-video-preview:-1\" \/>\n<link rel=\"canonical\" href=\"https:\/\/www.hotelteledom.sk\/?page_id=1208\" \/>\n<meta property=\"og:locale\" content=\"hu_HU\" \/>\n<meta property=\"og:type\" content=\"article\" \/>\n<meta property=\"og:title\" content=\"Napi k\u00edn\u00e1lat\" \/>\n<meta property=\"og:description\" content=\"TELEDOM TeleDom Gasztron\u00f3mia Konyh\u00e1nk jellegzetess\u00e9ge a szezon\u00e1lis \u00e9s region\u00e1lis k\u00edn\u00e1lat. A t\u00f6rt\u00e9nelmi m\u00falt\u00fa TeleDom Hotel \u00e9ttermei a Slow Food (kom\u00f3tos \u00e9tkez\u00e9s) elfogadott szab\u00e1lyainak betart\u00e1s\u00e1val k\u00edn\u00e1lnak olyan finoms\u00e1gokat, amelyek a helyi gasztron\u00f3miai hagyom\u00e1nyokat jellemzik. Az \u00e9teleket kiz\u00e1r\u00f3lag friss helyi nyersanyagb\u00f3l k\u00e9sz\u00edtj\u00fck, amelyek besz\u00e1ll\u00edt\u00f3i megb\u00edzhat\u00f3 \u0151stermel\u0151k. A h\u00fast \u00e9s h\u00fask\u00e9sz\u00edtm\u00e9nyeket csak a helyi, ill. k\u00f6rny\u00e9kbeli besz\u00e1ll\u00edt\u00f3kt\u00f3l biztos\u00edtjuk. [&hellip;]\" \/>\n<meta property=\"og:url\" content=\"https:\/\/www.hotelteledom.sk\/?page_id=1208\" \/>\n<meta property=\"og:site_name\" content=\"Hotel Teledom\" \/>\n<meta property=\"article:publisher\" content=\"https:\/\/www.facebook.com\/teledomonline\" \/>\n<meta property=\"article:modified_time\" content=\"2019-11-05T16:18:09+00:00\" \/>\n<meta property=\"og:image\" content=\"https:\/\/www.hotelteledom.sk\/wp-content\/uploads\/2026\/04\/2020-09-08.webp\" \/>\n\t<meta property=\"og:image:width\" content=\"680\" \/>\n\t<meta property=\"og:image:height\" content=\"410\" \/>\n\t<meta property=\"og:image:type\" content=\"image\/webp\" \/>\n<meta name=\"twitter:card\" content=\"summary_large_image\" \/>\n<meta name=\"twitter:label1\" content=\"Becs\u00fclt olvas\u00e1si id\u0151\" \/>\n\t<meta name=\"twitter:data1\" content=\"1 perc\" \/>\n<script type=\"application\/ld+json\" class=\"yoast-schema-graph\">{\"@context\":\"https:\\\/\\\/schema.org\",\"@graph\":[{\"@type\":\"WebPage\",\"@id\":\"https:\\\/\\\/www.hotelteledom.sk\\\/?page_id=1208\",\"url\":\"https:\\\/\\\/www.hotelteledom.sk\\\/?page_id=1208\",\"name\":\"Napi k\u00edn\u00e1lat - Hotel Teledom\",\"isPartOf\":{\"@id\":\"https:\\\/\\\/www.hotelteledom.sk\\\/#website\"},\"datePublished\":\"2018-04-24T22:24:47+00:00\",\"dateModified\":\"2019-11-05T16:18:09+00:00\",\"breadcrumb\":{\"@id\":\"https:\\\/\\\/www.hotelteledom.sk\\\/?page_id=1208#breadcrumb\"},\"inLanguage\":\"hu\",\"potentialAction\":[{\"@type\":\"ReadAction\",\"target\":[\"https:\\\/\\\/www.hotelteledom.sk\\\/?page_id=1208\"]}]},{\"@type\":\"BreadcrumbList\",\"@id\":\"https:\\\/\\\/www.hotelteledom.sk\\\/?page_id=1208#breadcrumb\",\"itemListElement\":[{\"@type\":\"ListItem\",\"position\":1,\"name\":\"Domovsk\u00e1 str\u00e1nka\",\"item\":\"https:\\\/\\\/www.hotelteledom.sk\\\/hu\\\/\"},{\"@type\":\"ListItem\",\"position\":2,\"name\":\"Napi k\u00edn\u00e1lat\"}]},{\"@type\":\"WebSite\",\"@id\":\"https:\\\/\\\/www.hotelteledom.sk\\\/#website\",\"url\":\"https:\\\/\\\/www.hotelteledom.sk\\\/\",\"name\":\"Hotel TeleDom & Conference Center\",\"description\":\"Trojhviezdi\u010dkov\u00fd hotel, re\u0161taur\u00e1cia Mestsk\u00e1 Pivnica a konferen\u010dn\u00e9 centrum v historickom centre Ko\u0161\u00edc, 200 m od D\u00f3mu sv. Al\u017ebety.\",\"publisher\":{\"@id\":\"https:\\\/\\\/www.hotelteledom.sk\\\/#organization\"},\"alternateName\":\"Hotel TeleDom\",\"potentialAction\":[{\"@type\":\"SearchAction\",\"target\":{\"@type\":\"EntryPoint\",\"urlTemplate\":\"https:\\\/\\\/www.hotelteledom.sk\\\/?s={search_term_string}\"},\"query-input\":{\"@type\":\"PropertyValueSpecification\",\"valueRequired\":true,\"valueName\":\"search_term_string\"}}],\"inLanguage\":\"hu\"},{\"@type\":\"Organization\",\"@id\":\"https:\\\/\\\/www.hotelteledom.sk\\\/#organization\",\"name\":\"Novitech Partner s.r.o.\",\"url\":\"https:\\\/\\\/www.hotelteledom.sk\\\/\",\"logo\":{\"@type\":\"ImageObject\",\"inLanguage\":\"hu\",\"@id\":\"https:\\\/\\\/www.hotelteledom.sk\\\/#\\\/schema\\\/logo\\\/image\\\/\",\"url\":\"https:\\\/\\\/www.hotelteledom.sk\\\/wp-content\\\/uploads\\\/2022\\\/08\\\/cropped-teledom-logotyp-2021-2_\u041c\u043e\u043d\u0442\u0430\u0436\u043d\u0430\u044f-\u043e\u0431\u043b\u0430\u0441\u0442\u044c-1.png\",\"contentUrl\":\"https:\\\/\\\/www.hotelteledom.sk\\\/wp-content\\\/uploads\\\/2022\\\/08\\\/cropped-teledom-logotyp-2021-2_\u041c\u043e\u043d\u0442\u0430\u0436\u043d\u0430\u044f-\u043e\u0431\u043b\u0430\u0441\u0442\u044c-1.png\",\"width\":512,\"height\":512,\"caption\":\"Novitech Partner s.r.o.\"},\"image\":{\"@id\":\"https:\\\/\\\/www.hotelteledom.sk\\\/#\\\/schema\\\/logo\\\/image\\\/\"},\"sameAs\":[\"https:\\\/\\\/www.facebook.com\\\/teledomonline\",\"https:\\\/\\\/www.instagram.com\\\/teledomkosice\\\/\"],\"description\":\"Trojhviezdi\u010dkov\u00fd hotel, re\u0161taur\u00e1cia Mestsk\u00e1 Pivnica a konferen\u010dn\u00e9 centrum v historickom centre Ko\u0161\u00edc, 200 m od D\u00f3mu sv. Al\u017ebety.\",\"email\":\"online@teledom.sk\",\"telephone\":\"+421 55 327 44 01\",\"legalName\":\"Novitech Partner s.r.o.\",\"foundingDate\":\"2001-01-08\",\"vatID\":\"SK2020061043\",\"taxID\":\"2020061043\",\"numberOfEmployees\":{\"@type\":\"QuantitativeValue\",\"minValue\":\"11\",\"maxValue\":\"50\"},\"publishingPrinciples\":\"https:\\\/\\\/www.hotelteledom.sk\\\/gdpr-system-ochrany-osobnych-udajov-v-ramci-spolocnosti-novitech-partner-s-r-o\\\/\",\"ownershipFundingInfo\":\"https:\\\/\\\/www.hotelteledom.sk\\\/gdpr-system-ochrany-osobnych-udajov-v-ramci-spolocnosti-novitech-partner-s-r-o\\\/\",\"actionableFeedbackPolicy\":\"https:\\\/\\\/www.hotelteledom.sk\\\/gdpr-system-ochrany-osobnych-udajov-v-ramci-spolocnosti-novitech-partner-s-r-o\\\/\"}]}<\/script>\n<!-- \/ Yoast SEO Premium plugin. -->","yoast_head_json":{"title":"Napi k\u00edn\u00e1lat - Hotel Teledom","robots":{"index":"index","follow":"follow","max-snippet":"max-snippet:-1","max-image-preview":"max-image-preview:large","max-video-preview":"max-video-preview:-1"},"canonical":"https:\/\/www.hotelteledom.sk\/?page_id=1208","og_locale":"hu_HU","og_type":"article","og_title":"Napi k\u00edn\u00e1lat","og_description":"TELEDOM TeleDom Gasztron\u00f3mia Konyh\u00e1nk jellegzetess\u00e9ge a szezon\u00e1lis \u00e9s region\u00e1lis k\u00edn\u00e1lat. A t\u00f6rt\u00e9nelmi m\u00falt\u00fa TeleDom Hotel \u00e9ttermei a Slow Food (kom\u00f3tos \u00e9tkez\u00e9s) elfogadott szab\u00e1lyainak betart\u00e1s\u00e1val k\u00edn\u00e1lnak olyan finoms\u00e1gokat, amelyek a helyi gasztron\u00f3miai hagyom\u00e1nyokat jellemzik. Az \u00e9teleket kiz\u00e1r\u00f3lag friss helyi nyersanyagb\u00f3l k\u00e9sz\u00edtj\u00fck, amelyek besz\u00e1ll\u00edt\u00f3i megb\u00edzhat\u00f3 \u0151stermel\u0151k. A h\u00fast \u00e9s h\u00fask\u00e9sz\u00edtm\u00e9nyeket csak a helyi, ill. k\u00f6rny\u00e9kbeli besz\u00e1ll\u00edt\u00f3kt\u00f3l biztos\u00edtjuk. [&hellip;]","og_url":"https:\/\/www.hotelteledom.sk\/?page_id=1208","og_site_name":"Hotel Teledom","article_publisher":"https:\/\/www.facebook.com\/teledomonline","article_modified_time":"2019-11-05T16:18:09+00:00","og_image":[{"width":680,"height":410,"url":"https:\/\/www.hotelteledom.sk\/wp-content\/uploads\/2026\/04\/2020-09-08.webp","type":"image\/webp"}],"twitter_card":"summary_large_image","twitter_misc":{"Becs\u00fclt olvas\u00e1si id\u0151":"1 perc"},"schema":{"@context":"https:\/\/schema.org","@graph":[{"@type":"WebPage","@id":"https:\/\/www.hotelteledom.sk\/?page_id=1208","url":"https:\/\/www.hotelteledom.sk\/?page_id=1208","name":"Napi k\u00edn\u00e1lat - Hotel Teledom","isPartOf":{"@id":"https:\/\/www.hotelteledom.sk\/#website"},"datePublished":"2018-04-24T22:24:47+00:00","dateModified":"2019-11-05T16:18:09+00:00","breadcrumb":{"@id":"https:\/\/www.hotelteledom.sk\/?page_id=1208#breadcrumb"},"inLanguage":"hu","potentialAction":[{"@type":"ReadAction","target":["https:\/\/www.hotelteledom.sk\/?page_id=1208"]}]},{"@type":"BreadcrumbList","@id":"https:\/\/www.hotelteledom.sk\/?page_id=1208#breadcrumb","itemListElement":[{"@type":"ListItem","position":1,"name":"Domovsk\u00e1 str\u00e1nka","item":"https:\/\/www.hotelteledom.sk\/hu\/"},{"@type":"ListItem","position":2,"name":"Napi k\u00edn\u00e1lat"}]},{"@type":"WebSite","@id":"https:\/\/www.hotelteledom.sk\/#website","url":"https:\/\/www.hotelteledom.sk\/","name":"Hotel TeleDom & Conference Center","description":"Trojhviezdi\u010dkov\u00fd hotel, re\u0161taur\u00e1cia Mestsk\u00e1 Pivnica a konferen\u010dn\u00e9 centrum v historickom centre Ko\u0161\u00edc, 200 m od D\u00f3mu sv. Al\u017ebety.","publisher":{"@id":"https:\/\/www.hotelteledom.sk\/#organization"},"alternateName":"Hotel TeleDom","potentialAction":[{"@type":"SearchAction","target":{"@type":"EntryPoint","urlTemplate":"https:\/\/www.hotelteledom.sk\/?s={search_term_string}"},"query-input":{"@type":"PropertyValueSpecification","valueRequired":true,"valueName":"search_term_string"}}],"inLanguage":"hu"},{"@type":"Organization","@id":"https:\/\/www.hotelteledom.sk\/#organization","name":"Novitech Partner s.r.o.","url":"https:\/\/www.hotelteledom.sk\/","logo":{"@type":"ImageObject","inLanguage":"hu","@id":"https:\/\/www.hotelteledom.sk\/#\/schema\/logo\/image\/","url":"https:\/\/www.hotelteledom.sk\/wp-content\/uploads\/2022\/08\/cropped-teledom-logotyp-2021-2_\u041c\u043e\u043d\u0442\u0430\u0436\u043d\u0430\u044f-\u043e\u0431\u043b\u0430\u0441\u0442\u044c-1.png","contentUrl":"https:\/\/www.hotelteledom.sk\/wp-content\/uploads\/2022\/08\/cropped-teledom-logotyp-2021-2_\u041c\u043e\u043d\u0442\u0430\u0436\u043d\u0430\u044f-\u043e\u0431\u043b\u0430\u0441\u0442\u044c-1.png","width":512,"height":512,"caption":"Novitech Partner s.r.o."},"image":{"@id":"https:\/\/www.hotelteledom.sk\/#\/schema\/logo\/image\/"},"sameAs":["https:\/\/www.facebook.com\/teledomonline","https:\/\/www.instagram.com\/teledomkosice\/"],"description":"Trojhviezdi\u010dkov\u00fd hotel, re\u0161taur\u00e1cia Mestsk\u00e1 Pivnica a konferen\u010dn\u00e9 centrum v historickom centre Ko\u0161\u00edc, 200 m od D\u00f3mu sv. Al\u017ebety.","email":"online@teledom.sk","telephone":"+421 55 327 44 01","legalName":"Novitech Partner s.r.o.","foundingDate":"2001-01-08","vatID":"SK2020061043","taxID":"2020061043","numberOfEmployees":{"@type":"QuantitativeValue","minValue":"11","maxValue":"50"},"publishingPrinciples":"https:\/\/www.hotelteledom.sk\/gdpr-system-ochrany-osobnych-udajov-v-ramci-spolocnosti-novitech-partner-s-r-o\/","ownershipFundingInfo":"https:\/\/www.hotelteledom.sk\/gdpr-system-ochrany-osobnych-udajov-v-ramci-spolocnosti-novitech-partner-s-r-o\/","actionableFeedbackPolicy":"https:\/\/www.hotelteledom.sk\/gdpr-system-ochrany-osobnych-udajov-v-ramci-spolocnosti-novitech-partner-s-r-o\/"}]}},"_links":{"self":[{"href":"https:\/\/www.hotelteledom.sk\/hu\/wp-json\/wp\/v2\/pages\/1415","targetHints":{"allow":["GET"]}}],"collection":[{"href":"https:\/\/www.hotelteledom.sk\/hu\/wp-json\/wp\/v2\/pages"}],"about":[{"href":"https:\/\/www.hotelteledom.sk\/hu\/wp-json\/wp\/v2\/types\/page"}],"author":[{"embeddable":true,"href":"https:\/\/www.hotelteledom.sk\/hu\/wp-json\/wp\/v2\/users\/1"}],"replies":[{"embeddable":true,"href":"https:\/\/www.hotelteledom.sk\/hu\/wp-json\/wp\/v2\/comments?post=1415"}],"version-history":[{"count":17,"href":"https:\/\/www.hotelteledom.sk\/hu\/wp-json\/wp\/v2\/pages\/1415\/revisions"}],"predecessor-version":[{"id":3406,"href":"https:\/\/www.hotelteledom.sk\/hu\/wp-json\/wp\/v2\/pages\/1415\/revisions\/3406"}],"wp:attachment":[{"href":"https:\/\/www.hotelteledom.sk\/hu\/wp-json\/wp\/v2\/media?parent=1415"}],"curies":[{"name":"wp","href":"https:\/\/api.w.org\/{rel}","templated":true}]}}