{"id":1413,"date":"2016-11-30T13:47:56","date_gmt":"2016-11-30T13:47:56","guid":{"rendered":"http:\/\/www.hotelteledom.sk\/kontakt\/"},"modified":"2019-11-05T16:04:12","modified_gmt":"2019-11-05T15:04:12","slug":"kapcsolat","status":"publish","type":"page","link":"https:\/\/www.hotelteledom.sk\/hu\/kapcsolat\/","title":{"rendered":"Kapcsolat"},"content":{"rendered":"\t\t<div data-elementor-type=\"wp-post\" data-elementor-id=\"1413\" class=\"elementor elementor-1413 elementor-452\" data-elementor-post-type=\"page\">\n\t\t\t\t\t\t<section class=\"elementor-section elementor-top-section elementor-element elementor-element-229f142 elementor-section-boxed elementor-section-height-default elementor-section-height-default\" data-id=\"229f142\" data-element_type=\"section\" data-settings=\"{&quot;background_background&quot;:&quot;classic&quot;}\">\n\t\t\t\t\t\t<div class=\"elementor-container elementor-column-gap-default\">\n\t\t\t\t\t<div class=\"elementor-column elementor-col-100 elementor-top-column elementor-element elementor-element-2533bb7\" data-id=\"2533bb7\" data-element_type=\"column\">\n\t\t\t<div class=\"elementor-widget-wrap\">\n\t\t\t\t\t\t\t<\/div>\n\t\t<\/div>\n\t\t\t\t\t<\/div>\n\t\t<\/section>\n\t\t\t\t<section class=\"elementor-section elementor-top-section elementor-element elementor-element-93f2ff4 elementor-section-boxed elementor-section-height-default elementor-section-height-default\" data-id=\"93f2ff4\" data-element_type=\"section\">\n\t\t\t\t\t\t<div class=\"elementor-container elementor-column-gap-default\">\n\t\t\t\t\t<div class=\"elementor-column elementor-col-33 elementor-top-column elementor-element elementor-element-7038c41\" data-id=\"7038c41\" data-element_type=\"column\">\n\t\t\t<div class=\"elementor-widget-wrap elementor-element-populated\">\n\t\t\t\t\t\t<div class=\"elementor-element elementor-element-8e18a04 elementor-widget elementor-widget-image\" data-id=\"8e18a04\" data-element_type=\"widget\" data-widget_type=\"image.default\">\n\t\t\t\t<div class=\"elementor-widget-container\">\n\t\t\t\t\t\t\t\t\t\t\t\t\t<img fetchpriority=\"high\" decoding=\"async\" width=\"491\" height=\"491\" src=\"https:\/\/www.hotelteledom.sk\/wp-content\/uploads\/2018\/03\/hotel-teledom-icon-3.png\" class=\"attachment-full size-full wp-image-9597\" alt=\"&quot;&quot;\" srcset=\"https:\/\/www.hotelteledom.sk\/wp-content\/uploads\/2018\/03\/hotel-teledom-icon-3.png 491w, https:\/\/www.hotelteledom.sk\/wp-content\/uploads\/2018\/03\/hotel-teledom-icon-3-150x150.png 150w, https:\/\/www.hotelteledom.sk\/wp-content\/uploads\/2018\/03\/hotel-teledom-icon-3-300x300.png 300w, https:\/\/www.hotelteledom.sk\/wp-content\/uploads\/2018\/03\/hotel-teledom-icon-3-75x75.png 75w, https:\/\/www.hotelteledom.sk\/wp-content\/uploads\/2018\/03\/hotel-teledom-icon-3-320x320.png 320w\" sizes=\"(max-width: 491px) 100vw, 491px\" \/>\t\t\t\t\t\t\t\t\t\t\t\t\t<\/div>\n\t\t\t\t<\/div>\n\t\t\t\t<div class=\"elementor-element elementor-element-73733af elementor-widget elementor-widget-heading\" data-id=\"73733af\" data-element_type=\"widget\" data-widget_type=\"heading.default\">\n\t\t\t\t<div class=\"elementor-widget-container\">\n\t\t\t<h2 class=\"elementor-heading-title elementor-size-default\">Oktat\u00f3 K\u00f6zpont<\/h2>\t\t<\/div>\n\t\t\t\t<\/div>\n\t\t\t\t<div class=\"elementor-element elementor-element-80d9af7 elementor-widget-divider--view-line elementor-widget elementor-widget-divider\" data-id=\"80d9af7\" data-element_type=\"widget\" data-widget_type=\"divider.default\">\n\t\t\t\t<div class=\"elementor-widget-container\">\n\t\t\t\t\t<div class=\"elementor-divider\">\n\t\t\t<span class=\"elementor-divider-separator\">\n\t\t\t\t\t\t<\/span>\n\t\t<\/div>\n\t\t\t\t<\/div>\n\t\t\t\t<\/div>\n\t\t\t\t<div class=\"elementor-element elementor-element-dcff02a elementor-widget elementor-widget-text-editor\" data-id=\"dcff02a\" data-element_type=\"widget\" data-widget_type=\"text-editor.default\">\n\t\t\t\t<div class=\"elementor-widget-container\">\n\t\t\t\t\t\t\t<h5><span style=\"font-weight: bold;\">Konferencia K\u00f6zpont Menedzser &#8211; Stefania Olahova\u00a0<\/span><\/h5><p>Tel.:\u00a0<a href=\"tel:+421553274400\">+421 55 327 44 00<\/a><br \/>E-mail:\u00a0<a href=\"mailto:olahova@teledom.sk\">olahova@teledom.sk<\/a><\/p>\t\t\t\t\t\t<\/div>\n\t\t\t\t<\/div>\n\t\t\t\t<div class=\"elementor-element elementor-element-9d0b8fd elementor-widget elementor-widget-text-editor\" data-id=\"9d0b8fd\" data-element_type=\"widget\" data-widget_type=\"text-editor.default\">\n\t\t\t\t<div class=\"elementor-widget-container\">\n\t\t\t\t\t\t\t<h5><b>Oktat\u00e1s Menedzser &#8211; Zuzana Dubovecka\u00a0<\/b><\/h5><p>Tel.: <a href=\"tel:+421553274428\">+421 55 327 44 28<\/a><br \/>E-mail: <a href=\"mailto:dubovecka.zuzana@teledom.sk\">dubovecka.zuzana@teledom.sk<\/a><\/p>\t\t\t\t\t\t<\/div>\n\t\t\t\t<\/div>\n\t\t\t\t<div class=\"elementor-element elementor-element-e140a98 elementor-widget elementor-widget-text-editor\" data-id=\"e140a98\" data-element_type=\"widget\" data-widget_type=\"text-editor.default\">\n\t\t\t\t<div class=\"elementor-widget-container\">\n\t\t\t\t\t\t\t<h5><b>Oktat\u00e1s Menedzser<\/b><b> &#8211; Ing. Ludovit Korotnoky\u00a0<\/b><\/h5><p>Tel.: <a href=\"tel:+421553274402\">+421 55 327 44 02<\/a><br \/>E-mail: <a href=\"mailto:korotnoky@teledom.sk\">korotnoky@teledom.sk<\/a><\/p>\t\t\t\t\t\t<\/div>\n\t\t\t\t<\/div>\n\t\t\t\t\t<\/div>\n\t\t<\/div>\n\t\t\t\t<div class=\"elementor-column elementor-col-33 elementor-top-column elementor-element elementor-element-0487d0a\" data-id=\"0487d0a\" data-element_type=\"column\">\n\t\t\t<div class=\"elementor-widget-wrap elementor-element-populated\">\n\t\t\t\t\t\t<div class=\"elementor-element elementor-element-06f0ae3 elementor-widget elementor-widget-image\" data-id=\"06f0ae3\" data-element_type=\"widget\" data-widget_type=\"image.default\">\n\t\t\t\t<div class=\"elementor-widget-container\">\n\t\t\t\t\t\t\t\t\t\t\t\t\t<img decoding=\"async\" width=\"491\" height=\"491\" src=\"https:\/\/www.hotelteledom.sk\/wp-content\/uploads\/2018\/03\/hotel-teledom-icon-1.png\" class=\"attachment-full size-full wp-image-650\" alt=\"\" srcset=\"https:\/\/www.hotelteledom.sk\/wp-content\/uploads\/2018\/03\/hotel-teledom-icon-1.png 491w, https:\/\/www.hotelteledom.sk\/wp-content\/uploads\/2018\/03\/hotel-teledom-icon-1-150x150.png 150w, https:\/\/www.hotelteledom.sk\/wp-content\/uploads\/2018\/03\/hotel-teledom-icon-1-300x300.png 300w, https:\/\/www.hotelteledom.sk\/wp-content\/uploads\/2018\/03\/hotel-teledom-icon-1-75x75.png 75w, https:\/\/www.hotelteledom.sk\/wp-content\/uploads\/2018\/03\/hotel-teledom-icon-1-320x320.png 320w\" sizes=\"(max-width: 491px) 100vw, 491px\" \/>\t\t\t\t\t\t\t\t\t\t\t\t\t<\/div>\n\t\t\t\t<\/div>\n\t\t\t\t<div class=\"elementor-element elementor-element-7fde9c2 elementor-widget elementor-widget-heading\" data-id=\"7fde9c2\" data-element_type=\"widget\" data-widget_type=\"heading.default\">\n\t\t\t\t<div class=\"elementor-widget-container\">\n\t\t\t<h2 class=\"elementor-heading-title elementor-size-default\">Hotel Teledom<\/h2>\t\t<\/div>\n\t\t\t\t<\/div>\n\t\t\t\t<div class=\"elementor-element elementor-element-1d0a1ac elementor-widget-divider--view-line elementor-widget elementor-widget-divider\" data-id=\"1d0a1ac\" data-element_type=\"widget\" data-widget_type=\"divider.default\">\n\t\t\t\t<div class=\"elementor-widget-container\">\n\t\t\t\t\t<div class=\"elementor-divider\">\n\t\t\t<span class=\"elementor-divider-separator\">\n\t\t\t\t\t\t<\/span>\n\t\t<\/div>\n\t\t\t\t<\/div>\n\t\t\t\t<\/div>\n\t\t\t\t<div class=\"elementor-element elementor-element-e45a648 elementor-widget elementor-widget-text-editor\" data-id=\"e45a648\" data-element_type=\"widget\" data-widget_type=\"text-editor.default\">\n\t\t\t\t<div class=\"elementor-widget-container\">\n\t\t\t\t\t\t\t<h5><strong>Hotel Menedzser &#8211;\u00a0Eva Butkovsk\u00e1 <br \/><\/strong><\/h5><p>Tel.: <a href=\"tel:+421553274401\">+421 55 327 44 01<\/a><br \/>Email: <a href=\"mailto:butkovska@teledom.sk\">butkovska@teledom.sk<\/a><\/p>\t\t\t\t\t\t<\/div>\n\t\t\t\t<\/div>\n\t\t\t\t<div class=\"elementor-element elementor-element-127609b elementor-widget elementor-widget-text-editor\" data-id=\"127609b\" data-element_type=\"widget\" data-widget_type=\"text-editor.default\">\n\t\t\t\t<div class=\"elementor-widget-container\">\n\t\t\t\t\t\t\t<h5><strong>Hotel recepci\u00f3<br \/><\/strong><\/h5><p>Tel.: <a href=\"tel:+42155 3274401 \">+421 55 327 44 01 <\/a><br \/>Email: <a href=\"mailto:recepcia@teledom.sk\">recepcia@teledom.sk<\/a><\/p>\t\t\t\t\t\t<\/div>\n\t\t\t\t<\/div>\n\t\t\t\t\t<\/div>\n\t\t<\/div>\n\t\t\t\t<div class=\"elementor-column elementor-col-33 elementor-top-column elementor-element elementor-element-7cd52b0\" data-id=\"7cd52b0\" data-element_type=\"column\">\n\t\t\t<div class=\"elementor-widget-wrap elementor-element-populated\">\n\t\t\t\t\t\t<div class=\"elementor-element elementor-element-5a28d1d elementor-widget elementor-widget-image\" data-id=\"5a28d1d\" data-element_type=\"widget\" data-widget_type=\"image.default\">\n\t\t\t\t<div class=\"elementor-widget-container\">\n\t\t\t\t\t\t\t\t\t\t\t\t\t<img decoding=\"async\" width=\"491\" height=\"491\" src=\"https:\/\/www.hotelteledom.sk\/wp-content\/uploads\/2018\/03\/hotel-teledom-icon-2.png\" class=\"attachment-full size-full wp-image-9599\" alt=\"&quot;&quot;\" srcset=\"https:\/\/www.hotelteledom.sk\/wp-content\/uploads\/2018\/03\/hotel-teledom-icon-2.png 491w, https:\/\/www.hotelteledom.sk\/wp-content\/uploads\/2018\/03\/hotel-teledom-icon-2-150x150.png 150w, https:\/\/www.hotelteledom.sk\/wp-content\/uploads\/2018\/03\/hotel-teledom-icon-2-300x300.png 300w, https:\/\/www.hotelteledom.sk\/wp-content\/uploads\/2018\/03\/hotel-teledom-icon-2-75x75.png 75w, https:\/\/www.hotelteledom.sk\/wp-content\/uploads\/2018\/03\/hotel-teledom-icon-2-320x320.png 320w\" sizes=\"(max-width: 491px) 100vw, 491px\" \/>\t\t\t\t\t\t\t\t\t\t\t\t\t<\/div>\n\t\t\t\t<\/div>\n\t\t\t\t<div class=\"elementor-element elementor-element-27e8b93 elementor-widget elementor-widget-heading\" data-id=\"27e8b93\" data-element_type=\"widget\" data-widget_type=\"heading.default\">\n\t\t\t\t<div class=\"elementor-widget-container\">\n\t\t\t<h2 class=\"elementor-heading-title elementor-size-default\">\u00c9tterem Teledom<\/h2>\t\t<\/div>\n\t\t\t\t<\/div>\n\t\t\t\t<div class=\"elementor-element elementor-element-54aad3a elementor-widget-divider--view-line elementor-widget elementor-widget-divider\" data-id=\"54aad3a\" data-element_type=\"widget\" data-widget_type=\"divider.default\">\n\t\t\t\t<div class=\"elementor-widget-container\">\n\t\t\t\t\t<div class=\"elementor-divider\">\n\t\t\t<span class=\"elementor-divider-separator\">\n\t\t\t\t\t\t<\/span>\n\t\t<\/div>\n\t\t\t\t<\/div>\n\t\t\t\t<\/div>\n\t\t\t\t<div class=\"elementor-element elementor-element-53252c1 elementor-widget elementor-widget-text-editor\" data-id=\"53252c1\" data-element_type=\"widget\" data-widget_type=\"text-editor.default\">\n\t\t\t\t<div class=\"elementor-widget-container\">\n\t\t\t\t\t\t\t<h5><b>\u00c9tterem Vezet\u0151 &#8211; Ladislav Pall\u00e9r\u00a0<\/b><\/h5><p>Tel.: <a href=\"tel:+421553274450\">+421 55 3274 450<\/a><br \/>Mobil: <a href=\"tel:+421908374828\">+421 908 374 828<\/a><br \/>Email: <a href=\"mailto:restauracia@teledom.sk\">restauracia@teledom.sk<\/a><\/p>\t\t\t\t\t\t<\/div>\n\t\t\t\t<\/div>\n\t\t\t\t\t<\/div>\n\t\t<\/div>\n\t\t\t\t\t<\/div>\n\t\t<\/section>\n\t\t\t\t<section class=\"elementor-section elementor-top-section elementor-element elementor-element-d44aceb elementor-section-boxed elementor-section-height-default elementor-section-height-default\" data-id=\"d44aceb\" data-element_type=\"section\">\n\t\t\t\t\t\t<div class=\"elementor-container elementor-column-gap-default\">\n\t\t\t\t\t<div class=\"elementor-column elementor-col-100 elementor-top-column elementor-element elementor-element-501999e\" data-id=\"501999e\" data-element_type=\"column\">\n\t\t\t<div class=\"elementor-widget-wrap elementor-element-populated\">\n\t\t\t\t\t\t<div class=\"elementor-element elementor-element-653bf1b elementor-widget elementor-widget-google_maps\" data-id=\"653bf1b\" data-element_type=\"widget\" data-widget_type=\"google_maps.default\">\n\t\t\t\t<div class=\"elementor-widget-container\">\n\t\t\t\t\t<div class=\"elementor-custom-embed\">\n\t\t\t<iframe loading=\"lazy\"\n\t\t\t\t\tsrc=\"https:\/\/maps.google.com\/maps?q=Timonova%2027%2C%20Ko%C5%A1ice&#038;t=m&#038;z=14&#038;output=embed&#038;iwloc=near\"\n\t\t\t\t\ttitle=\"Timonova 27, Ko\u0161ice\"\n\t\t\t\t\taria-label=\"Timonova 27, Ko\u0161ice\"\n\t\t\t><\/iframe>\n\t\t<\/div>\n\t\t\t\t<\/div>\n\t\t\t\t<\/div>\n\t\t\t\t\t<\/div>\n\t\t<\/div>\n\t\t\t\t\t<\/div>\n\t\t<\/section>\n\t\t\t\t<\/div>\n\t\t","protected":false},"excerpt":{"rendered":"<p>Oktat\u00f3 K\u00f6zpont Konferencia K\u00f6zpont Menedzser &#8211; Stefania Olahova&nbsp; Tel.:&nbsp;+421 55 327 44 00 E-mail:&nbsp;olahova@teledom.sk Oktat\u00e1s Menedzser &#8211; Zuzana Dubovecka&nbsp; Tel.: +421 55 327 44 28 E-mail: dubovecka.zuzana@teledom.sk Oktat\u00e1s Menedzser &#8211; Ing. Ludovit Korotnoky&nbsp; Tel.: +421 55 327 44 02 E-mail: korotnoky@teledom.sk Hotel Teledom Hotel Menedzser &#8211;&nbsp;Eva Butkovsk\u00e1 Tel.: +421 55 327 44 01 Email: butkovska@teledom.sk [&hellip;]<\/p>\n","protected":false},"author":1,"featured_media":9529,"parent":0,"menu_order":0,"comment_status":"closed","ping_status":"closed","template":"","meta":{"footnotes":""},"class_list":["post-1413","page","type-page","status-publish","has-post-thumbnail","hentry"],"yoast_head":"<!-- This site is optimized with the Yoast SEO Premium plugin v27.3 (Yoast SEO v27.3) - https:\/\/yoast.com\/product\/yoast-seo-premium-wordpress\/ -->\n<title>Kapcsolat - Hotel Teledom<\/title>\n<meta name=\"robots\" content=\"index, follow, max-snippet:-1, max-image-preview:large, max-video-preview:-1\" \/>\n<link rel=\"canonical\" href=\"https:\/\/www.hotelteledom.sk\/kontakt-2-2-2\/\" \/>\n<meta property=\"og:locale\" content=\"hu_HU\" \/>\n<meta property=\"og:type\" content=\"article\" \/>\n<meta property=\"og:title\" content=\"Kapcsolat\" \/>\n<meta property=\"og:description\" content=\"Oktat\u00f3 K\u00f6zpont Konferencia K\u00f6zpont Menedzser &#8211; Stefania Olahova&nbsp; Tel.:&nbsp;+421 55 327 44 00 E-mail:&nbsp;olahova@teledom.sk Oktat\u00e1s Menedzser &#8211; Zuzana Dubovecka&nbsp; Tel.: +421 55 327 44 28 E-mail: dubovecka.zuzana@teledom.sk Oktat\u00e1s Menedzser &#8211; Ing. Ludovit Korotnoky&nbsp; Tel.: +421 55 327 44 02 E-mail: korotnoky@teledom.sk Hotel Teledom Hotel Menedzser &#8211;&nbsp;Eva Butkovsk\u00e1 Tel.: +421 55 327 44 01 Email: butkovska@teledom.sk [&hellip;]\" \/>\n<meta property=\"og:url\" content=\"https:\/\/www.hotelteledom.sk\/kontakt-2-2-2\/\" \/>\n<meta property=\"og:site_name\" content=\"Hotel Teledom\" \/>\n<meta property=\"article:publisher\" content=\"https:\/\/www.facebook.com\/teledomonline\" \/>\n<meta property=\"article:modified_time\" content=\"2019-11-05T15:04:12+00:00\" \/>\n<meta property=\"og:image\" content=\"https:\/\/www.hotelteledom.sk\/wp-content\/uploads\/2018\/03\/hotel-teledom-icon-3.png\" \/>\n\t<meta property=\"og:image:width\" content=\"491\" \/>\n\t<meta property=\"og:image:height\" content=\"491\" \/>\n\t<meta property=\"og:image:type\" content=\"image\/png\" \/>\n<meta name=\"twitter:card\" content=\"summary_large_image\" \/>\n<script type=\"application\/ld+json\" class=\"yoast-schema-graph\">{\"@context\":\"https:\\\/\\\/schema.org\",\"@graph\":[{\"@type\":\"WebPage\",\"@id\":\"https:\\\/\\\/www.hotelteledom.sk\\\/kontakt-2-2-2\\\/\",\"url\":\"https:\\\/\\\/www.hotelteledom.sk\\\/kontakt-2-2-2\\\/\",\"name\":\"Kapcsolat - Hotel Teledom\",\"isPartOf\":{\"@id\":\"https:\\\/\\\/www.hotelteledom.sk\\\/#website\"},\"primaryImageOfPage\":{\"@id\":\"https:\\\/\\\/www.hotelteledom.sk\\\/kontakt-2-2-2\\\/#primaryimage\"},\"image\":{\"@id\":\"https:\\\/\\\/www.hotelteledom.sk\\\/kontakt-2-2-2\\\/#primaryimage\"},\"thumbnailUrl\":\"https:\\\/\\\/www.hotelteledom.sk\\\/wp-content\\\/uploads\\\/2026\\\/04\\\/2020-09-08.webp\",\"datePublished\":\"2016-11-30T13:47:56+00:00\",\"dateModified\":\"2019-11-05T15:04:12+00:00\",\"breadcrumb\":{\"@id\":\"https:\\\/\\\/www.hotelteledom.sk\\\/kontakt-2-2-2\\\/#breadcrumb\"},\"inLanguage\":\"hu\",\"potentialAction\":[{\"@type\":\"ReadAction\",\"target\":[\"https:\\\/\\\/www.hotelteledom.sk\\\/kontakt-2-2-2\\\/\"]}]},{\"@type\":\"ImageObject\",\"inLanguage\":\"hu\",\"@id\":\"https:\\\/\\\/www.hotelteledom.sk\\\/kontakt-2-2-2\\\/#primaryimage\",\"url\":\"https:\\\/\\\/www.hotelteledom.sk\\\/wp-content\\\/uploads\\\/2026\\\/04\\\/2020-09-08.webp\",\"contentUrl\":\"https:\\\/\\\/www.hotelteledom.sk\\\/wp-content\\\/uploads\\\/2026\\\/04\\\/2020-09-08.webp\",\"width\":680,\"height\":410},{\"@type\":\"BreadcrumbList\",\"@id\":\"https:\\\/\\\/www.hotelteledom.sk\\\/kontakt-2-2-2\\\/#breadcrumb\",\"itemListElement\":[{\"@type\":\"ListItem\",\"position\":1,\"name\":\"Domovsk\u00e1 str\u00e1nka\",\"item\":\"https:\\\/\\\/www.hotelteledom.sk\\\/hu\\\/\"},{\"@type\":\"ListItem\",\"position\":2,\"name\":\"Kapcsolat\"}]},{\"@type\":\"WebSite\",\"@id\":\"https:\\\/\\\/www.hotelteledom.sk\\\/#website\",\"url\":\"https:\\\/\\\/www.hotelteledom.sk\\\/\",\"name\":\"Hotel TeleDom & Conference Center\",\"description\":\"Trojhviezdi\u010dkov\u00fd hotel, re\u0161taur\u00e1cia Mestsk\u00e1 Pivnica a konferen\u010dn\u00e9 centrum v historickom centre Ko\u0161\u00edc, 200 m od D\u00f3mu sv. Al\u017ebety.\",\"publisher\":{\"@id\":\"https:\\\/\\\/www.hotelteledom.sk\\\/#organization\"},\"alternateName\":\"Hotel TeleDom\",\"potentialAction\":[{\"@type\":\"SearchAction\",\"target\":{\"@type\":\"EntryPoint\",\"urlTemplate\":\"https:\\\/\\\/www.hotelteledom.sk\\\/?s={search_term_string}\"},\"query-input\":{\"@type\":\"PropertyValueSpecification\",\"valueRequired\":true,\"valueName\":\"search_term_string\"}}],\"inLanguage\":\"hu\"},{\"@type\":\"Organization\",\"@id\":\"https:\\\/\\\/www.hotelteledom.sk\\\/#organization\",\"name\":\"Novitech Partner s.r.o.\",\"url\":\"https:\\\/\\\/www.hotelteledom.sk\\\/\",\"logo\":{\"@type\":\"ImageObject\",\"inLanguage\":\"hu\",\"@id\":\"https:\\\/\\\/www.hotelteledom.sk\\\/#\\\/schema\\\/logo\\\/image\\\/\",\"url\":\"https:\\\/\\\/www.hotelteledom.sk\\\/wp-content\\\/uploads\\\/2022\\\/08\\\/cropped-teledom-logotyp-2021-2_\u041c\u043e\u043d\u0442\u0430\u0436\u043d\u0430\u044f-\u043e\u0431\u043b\u0430\u0441\u0442\u044c-1.png\",\"contentUrl\":\"https:\\\/\\\/www.hotelteledom.sk\\\/wp-content\\\/uploads\\\/2022\\\/08\\\/cropped-teledom-logotyp-2021-2_\u041c\u043e\u043d\u0442\u0430\u0436\u043d\u0430\u044f-\u043e\u0431\u043b\u0430\u0441\u0442\u044c-1.png\",\"width\":512,\"height\":512,\"caption\":\"Novitech Partner s.r.o.\"},\"image\":{\"@id\":\"https:\\\/\\\/www.hotelteledom.sk\\\/#\\\/schema\\\/logo\\\/image\\\/\"},\"sameAs\":[\"https:\\\/\\\/www.facebook.com\\\/teledomonline\",\"https:\\\/\\\/www.instagram.com\\\/teledomkosice\\\/\"],\"description\":\"Trojhviezdi\u010dkov\u00fd hotel, re\u0161taur\u00e1cia Mestsk\u00e1 Pivnica a konferen\u010dn\u00e9 centrum v historickom centre Ko\u0161\u00edc, 200 m od D\u00f3mu sv. Al\u017ebety.\",\"email\":\"online@teledom.sk\",\"telephone\":\"+421 55 327 44 01\",\"legalName\":\"Novitech Partner s.r.o.\",\"foundingDate\":\"2001-01-08\",\"vatID\":\"SK2020061043\",\"taxID\":\"2020061043\",\"numberOfEmployees\":{\"@type\":\"QuantitativeValue\",\"minValue\":\"11\",\"maxValue\":\"50\"},\"publishingPrinciples\":\"https:\\\/\\\/www.hotelteledom.sk\\\/gdpr-system-ochrany-osobnych-udajov-v-ramci-spolocnosti-novitech-partner-s-r-o\\\/\",\"ownershipFundingInfo\":\"https:\\\/\\\/www.hotelteledom.sk\\\/gdpr-system-ochrany-osobnych-udajov-v-ramci-spolocnosti-novitech-partner-s-r-o\\\/\",\"actionableFeedbackPolicy\":\"https:\\\/\\\/www.hotelteledom.sk\\\/gdpr-system-ochrany-osobnych-udajov-v-ramci-spolocnosti-novitech-partner-s-r-o\\\/\"}]}<\/script>\n<!-- \/ Yoast SEO Premium plugin. -->","yoast_head_json":{"title":"Kapcsolat - Hotel Teledom","robots":{"index":"index","follow":"follow","max-snippet":"max-snippet:-1","max-image-preview":"max-image-preview:large","max-video-preview":"max-video-preview:-1"},"canonical":"https:\/\/www.hotelteledom.sk\/kontakt-2-2-2\/","og_locale":"hu_HU","og_type":"article","og_title":"Kapcsolat","og_description":"Oktat\u00f3 K\u00f6zpont Konferencia K\u00f6zpont Menedzser &#8211; Stefania Olahova&nbsp; Tel.:&nbsp;+421 55 327 44 00 E-mail:&nbsp;olahova@teledom.sk Oktat\u00e1s Menedzser &#8211; Zuzana Dubovecka&nbsp; Tel.: +421 55 327 44 28 E-mail: dubovecka.zuzana@teledom.sk Oktat\u00e1s Menedzser &#8211; Ing. Ludovit Korotnoky&nbsp; Tel.: +421 55 327 44 02 E-mail: korotnoky@teledom.sk Hotel Teledom Hotel Menedzser &#8211;&nbsp;Eva Butkovsk\u00e1 Tel.: +421 55 327 44 01 Email: butkovska@teledom.sk [&hellip;]","og_url":"https:\/\/www.hotelteledom.sk\/kontakt-2-2-2\/","og_site_name":"Hotel Teledom","article_publisher":"https:\/\/www.facebook.com\/teledomonline","article_modified_time":"2019-11-05T15:04:12+00:00","og_image":[{"width":491,"height":491,"url":"https:\/\/www.hotelteledom.sk\/wp-content\/uploads\/2018\/03\/hotel-teledom-icon-3.png","type":"image\/png"}],"twitter_card":"summary_large_image","schema":{"@context":"https:\/\/schema.org","@graph":[{"@type":"WebPage","@id":"https:\/\/www.hotelteledom.sk\/kontakt-2-2-2\/","url":"https:\/\/www.hotelteledom.sk\/kontakt-2-2-2\/","name":"Kapcsolat - Hotel Teledom","isPartOf":{"@id":"https:\/\/www.hotelteledom.sk\/#website"},"primaryImageOfPage":{"@id":"https:\/\/www.hotelteledom.sk\/kontakt-2-2-2\/#primaryimage"},"image":{"@id":"https:\/\/www.hotelteledom.sk\/kontakt-2-2-2\/#primaryimage"},"thumbnailUrl":"https:\/\/www.hotelteledom.sk\/wp-content\/uploads\/2026\/04\/2020-09-08.webp","datePublished":"2016-11-30T13:47:56+00:00","dateModified":"2019-11-05T15:04:12+00:00","breadcrumb":{"@id":"https:\/\/www.hotelteledom.sk\/kontakt-2-2-2\/#breadcrumb"},"inLanguage":"hu","potentialAction":[{"@type":"ReadAction","target":["https:\/\/www.hotelteledom.sk\/kontakt-2-2-2\/"]}]},{"@type":"ImageObject","inLanguage":"hu","@id":"https:\/\/www.hotelteledom.sk\/kontakt-2-2-2\/#primaryimage","url":"https:\/\/www.hotelteledom.sk\/wp-content\/uploads\/2026\/04\/2020-09-08.webp","contentUrl":"https:\/\/www.hotelteledom.sk\/wp-content\/uploads\/2026\/04\/2020-09-08.webp","width":680,"height":410},{"@type":"BreadcrumbList","@id":"https:\/\/www.hotelteledom.sk\/kontakt-2-2-2\/#breadcrumb","itemListElement":[{"@type":"ListItem","position":1,"name":"Domovsk\u00e1 str\u00e1nka","item":"https:\/\/www.hotelteledom.sk\/hu\/"},{"@type":"ListItem","position":2,"name":"Kapcsolat"}]},{"@type":"WebSite","@id":"https:\/\/www.hotelteledom.sk\/#website","url":"https:\/\/www.hotelteledom.sk\/","name":"Hotel TeleDom & Conference Center","description":"Trojhviezdi\u010dkov\u00fd hotel, re\u0161taur\u00e1cia Mestsk\u00e1 Pivnica a konferen\u010dn\u00e9 centrum v historickom centre Ko\u0161\u00edc, 200 m od D\u00f3mu sv. Al\u017ebety.","publisher":{"@id":"https:\/\/www.hotelteledom.sk\/#organization"},"alternateName":"Hotel TeleDom","potentialAction":[{"@type":"SearchAction","target":{"@type":"EntryPoint","urlTemplate":"https:\/\/www.hotelteledom.sk\/?s={search_term_string}"},"query-input":{"@type":"PropertyValueSpecification","valueRequired":true,"valueName":"search_term_string"}}],"inLanguage":"hu"},{"@type":"Organization","@id":"https:\/\/www.hotelteledom.sk\/#organization","name":"Novitech Partner s.r.o.","url":"https:\/\/www.hotelteledom.sk\/","logo":{"@type":"ImageObject","inLanguage":"hu","@id":"https:\/\/www.hotelteledom.sk\/#\/schema\/logo\/image\/","url":"https:\/\/www.hotelteledom.sk\/wp-content\/uploads\/2022\/08\/cropped-teledom-logotyp-2021-2_\u041c\u043e\u043d\u0442\u0430\u0436\u043d\u0430\u044f-\u043e\u0431\u043b\u0430\u0441\u0442\u044c-1.png","contentUrl":"https:\/\/www.hotelteledom.sk\/wp-content\/uploads\/2022\/08\/cropped-teledom-logotyp-2021-2_\u041c\u043e\u043d\u0442\u0430\u0436\u043d\u0430\u044f-\u043e\u0431\u043b\u0430\u0441\u0442\u044c-1.png","width":512,"height":512,"caption":"Novitech Partner s.r.o."},"image":{"@id":"https:\/\/www.hotelteledom.sk\/#\/schema\/logo\/image\/"},"sameAs":["https:\/\/www.facebook.com\/teledomonline","https:\/\/www.instagram.com\/teledomkosice\/"],"description":"Trojhviezdi\u010dkov\u00fd hotel, re\u0161taur\u00e1cia Mestsk\u00e1 Pivnica a konferen\u010dn\u00e9 centrum v historickom centre Ko\u0161\u00edc, 200 m od D\u00f3mu sv. Al\u017ebety.","email":"online@teledom.sk","telephone":"+421 55 327 44 01","legalName":"Novitech Partner s.r.o.","foundingDate":"2001-01-08","vatID":"SK2020061043","taxID":"2020061043","numberOfEmployees":{"@type":"QuantitativeValue","minValue":"11","maxValue":"50"},"publishingPrinciples":"https:\/\/www.hotelteledom.sk\/gdpr-system-ochrany-osobnych-udajov-v-ramci-spolocnosti-novitech-partner-s-r-o\/","ownershipFundingInfo":"https:\/\/www.hotelteledom.sk\/gdpr-system-ochrany-osobnych-udajov-v-ramci-spolocnosti-novitech-partner-s-r-o\/","actionableFeedbackPolicy":"https:\/\/www.hotelteledom.sk\/gdpr-system-ochrany-osobnych-udajov-v-ramci-spolocnosti-novitech-partner-s-r-o\/"}]}},"_links":{"self":[{"href":"https:\/\/www.hotelteledom.sk\/hu\/wp-json\/wp\/v2\/pages\/1413","targetHints":{"allow":["GET"]}}],"collection":[{"href":"https:\/\/www.hotelteledom.sk\/hu\/wp-json\/wp\/v2\/pages"}],"about":[{"href":"https:\/\/www.hotelteledom.sk\/hu\/wp-json\/wp\/v2\/types\/page"}],"author":[{"embeddable":true,"href":"https:\/\/www.hotelteledom.sk\/hu\/wp-json\/wp\/v2\/users\/1"}],"replies":[{"embeddable":true,"href":"https:\/\/www.hotelteledom.sk\/hu\/wp-json\/wp\/v2\/comments?post=1413"}],"version-history":[{"count":19,"href":"https:\/\/www.hotelteledom.sk\/hu\/wp-json\/wp\/v2\/pages\/1413\/revisions"}],"predecessor-version":[{"id":3373,"href":"https:\/\/www.hotelteledom.sk\/hu\/wp-json\/wp\/v2\/pages\/1413\/revisions\/3373"}],"wp:featuredmedia":[{"embeddable":true,"href":"https:\/\/www.hotelteledom.sk\/hu\/wp-json\/wp\/v2\/media\/9529"}],"wp:attachment":[{"href":"https:\/\/www.hotelteledom.sk\/hu\/wp-json\/wp\/v2\/media?parent=1413"}],"curies":[{"name":"wp","href":"https:\/\/api.w.org\/{rel}","templated":true}]}}