{"id":1411,"date":"2018-03-24T13:00:21","date_gmt":"2018-03-24T12:00:21","guid":{"rendered":"http:\/\/www.hotelteledom.sk\/kaviaren\/"},"modified":"2019-11-05T16:06:40","modified_gmt":"2019-11-05T15:06:40","slug":"kavezo","status":"publish","type":"page","link":"https:\/\/www.hotelteledom.sk\/hu\/kavezo\/","title":{"rendered":"K\u00e1v\u00e9z\u00f3"},"content":{"rendered":"\t\t<div data-elementor-type=\"wp-post\" data-elementor-id=\"1411\" class=\"elementor elementor-1411 elementor-bc-flex-widget\" data-elementor-post-type=\"page\">\n\t\t\t\t\t\t<section class=\"elementor-section elementor-top-section elementor-element elementor-element-16a85850 elementor-section-boxed elementor-section-height-default elementor-section-height-default\" data-id=\"16a85850\" data-element_type=\"section\">\n\t\t\t\t\t\t<div class=\"elementor-container elementor-column-gap-default\">\n\t\t\t\t\t<div class=\"elementor-column elementor-col-100 elementor-top-column elementor-element elementor-element-d179409\" data-id=\"d179409\" data-element_type=\"column\">\n\t\t\t<div class=\"elementor-widget-wrap elementor-element-populated\">\n\t\t\t\t\t\t<div class=\"elementor-element elementor-element-3d5d2942 elementor-widget elementor-widget-heading\" data-id=\"3d5d2942\" data-element_type=\"widget\" data-widget_type=\"heading.default\">\n\t\t\t\t<div class=\"elementor-widget-container\">\n\t\t\t<h2 class=\"elementor-heading-title elementor-size-default\">\u00d6n is a j\u00f3 k\u00e1v\u00e9 szerelmesei k\u00f6z\u00e9 tartozik? Akkor j\u00f3 helyen van. Nagy \u00f6r\u00f6mmel fogadjuk \u00d6nt min\u0151s\u00e9gi k\u00e1v\u00e9nkkal, amely szebb\u00e9 tudja var\u00e1zsolni a nap minden r\u00e9sz\u00e9t. \u00c9lvezze reggeli k\u00e1v\u00e9j\u00e1t, olvasva a napi h\u00edreket, tegye kellemesebb\u00e9 itt az eb\u00e9dsz\u00fcneteit, vagy csak t\u00f6lts\u00f6n el egy kellemes d\u00e9lut\u00e1nt csal\u00e1dja \u00e9s bar\u00e1tai t\u00e1rsas\u00e1g\u00e1ban.<\/h2>\t\t<\/div>\n\t\t\t\t<\/div>\n\t\t\t\t<div class=\"elementor-element elementor-element-8dfabf5 elementor-widget elementor-widget-image\" data-id=\"8dfabf5\" data-element_type=\"widget\" data-widget_type=\"image.default\">\n\t\t\t\t<div class=\"elementor-widget-container\">\n\t\t\t\t\t\t\t\t\t\t\t\t\t<img fetchpriority=\"high\" decoding=\"async\" width=\"293\" height=\"172\" src=\"https:\/\/www.hotelteledom.sk\/wp-content\/uploads\/2018\/05\/kava.jpeg\" class=\"attachment-morrison_hotel_815x500 size-morrison_hotel_815x500 wp-image-1334\" alt=\"\" \/>\t\t\t\t\t\t\t\t\t\t\t\t\t<\/div>\n\t\t\t\t<\/div>\n\t\t\t\t<div class=\"elementor-element elementor-element-f1f71ee elementor-widget-divider--view-line elementor-widget elementor-widget-divider\" data-id=\"f1f71ee\" data-element_type=\"widget\" data-widget_type=\"divider.default\">\n\t\t\t\t<div class=\"elementor-widget-container\">\n\t\t\t\t\t<div class=\"elementor-divider\">\n\t\t\t<span class=\"elementor-divider-separator\">\n\t\t\t\t\t\t<\/span>\n\t\t<\/div>\n\t\t\t\t<\/div>\n\t\t\t\t<\/div>\n\t\t\t\t<div class=\"elementor-element elementor-element-f44d0e1 elementor-widget elementor-widget-heading\" data-id=\"f44d0e1\" data-element_type=\"widget\" data-widget_type=\"heading.default\">\n\t\t\t\t<div class=\"elementor-widget-container\">\n\t\t\t<h3 class=\"elementor-heading-title elementor-size-default\">Nyitva tart\u00e1s:<\/h3>\t\t<\/div>\n\t\t\t\t<\/div>\n\t\t\t\t\t<\/div>\n\t\t<\/div>\n\t\t\t\t\t<\/div>\n\t\t<\/section>\n\t\t\t\t<section class=\"elementor-section elementor-top-section elementor-element elementor-element-1f661d7 elementor-section-boxed elementor-section-height-default elementor-section-height-default\" data-id=\"1f661d7\" data-element_type=\"section\">\n\t\t\t\t\t\t<div class=\"elementor-container elementor-column-gap-default\">\n\t\t\t\t\t<div class=\"elementor-column elementor-col-50 elementor-top-column elementor-element elementor-element-dc95b5f\" data-id=\"dc95b5f\" data-element_type=\"column\">\n\t\t\t<div class=\"elementor-widget-wrap elementor-element-populated\">\n\t\t\t\t\t\t<div class=\"elementor-element elementor-element-a6b51f0 elementor-widget elementor-widget-heading\" data-id=\"a6b51f0\" data-element_type=\"widget\" data-widget_type=\"heading.default\">\n\t\t\t\t<div class=\"elementor-widget-container\">\n\t\t\t<h3 class=\"elementor-heading-title elementor-size-default\">H\u00e9tf\u0151 - P\u00e9ntek:<\/h3>\t\t<\/div>\n\t\t\t\t<\/div>\n\t\t\t\t<div class=\"elementor-element elementor-element-d89770c elementor-widget elementor-widget-heading\" data-id=\"d89770c\" data-element_type=\"widget\" data-widget_type=\"heading.default\">\n\t\t\t\t<div class=\"elementor-widget-container\">\n\t\t\t<h3 class=\"elementor-heading-title elementor-size-default\">\nSzombat - Vas\u00e1rnap:<\/h3>\t\t<\/div>\n\t\t\t\t<\/div>\n\t\t\t\t\t<\/div>\n\t\t<\/div>\n\t\t\t\t<div class=\"elementor-column elementor-col-50 elementor-top-column elementor-element elementor-element-40818d9\" data-id=\"40818d9\" data-element_type=\"column\">\n\t\t\t<div class=\"elementor-widget-wrap elementor-element-populated\">\n\t\t\t\t\t\t<div class=\"elementor-element elementor-element-74d9ed3 elementor-widget elementor-widget-heading\" data-id=\"74d9ed3\" data-element_type=\"widget\" data-widget_type=\"heading.default\">\n\t\t\t\t<div class=\"elementor-widget-container\">\n\t\t\t<h3 class=\"elementor-heading-title elementor-size-default\">7:30 - 15:00<\/h3>\t\t<\/div>\n\t\t\t\t<\/div>\n\t\t\t\t<div class=\"elementor-element elementor-element-80e8548 elementor-widget elementor-widget-heading\" data-id=\"80e8548\" data-element_type=\"widget\" data-widget_type=\"heading.default\">\n\t\t\t\t<div class=\"elementor-widget-container\">\n\t\t\t<h3 class=\"elementor-heading-title elementor-size-default\">\nZ\u00e1rva<\/h3>\t\t<\/div>\n\t\t\t\t<\/div>\n\t\t\t\t\t<\/div>\n\t\t<\/div>\n\t\t\t\t\t<\/div>\n\t\t<\/section>\n\t\t\t\t<\/div>\n\t\t","protected":false},"excerpt":{"rendered":"<p>\u00d6n is a j\u00f3 k\u00e1v\u00e9 szerelmesei k\u00f6z\u00e9 tartozik? Akkor j\u00f3 helyen van. Nagy \u00f6r\u00f6mmel fogadjuk \u00d6nt min\u0151s\u00e9gi k\u00e1v\u00e9nkkal, amely szebb\u00e9 tudja var\u00e1zsolni a nap minden r\u00e9sz\u00e9t. \u00c9lvezze reggeli k\u00e1v\u00e9j\u00e1t, olvasva a napi h\u00edreket, tegye kellemesebb\u00e9 itt az eb\u00e9dsz\u00fcneteit, vagy csak t\u00f6lts\u00f6n el egy kellemes d\u00e9lut\u00e1nt csal\u00e1dja \u00e9s bar\u00e1tai t\u00e1rsas\u00e1g\u00e1ban. Nyitva tart\u00e1s: H\u00e9tf\u0151 &#8211; P\u00e9ntek: Szombat [&hellip;]<\/p>\n","protected":false},"author":1,"featured_media":0,"parent":0,"menu_order":0,"comment_status":"closed","ping_status":"closed","template":"","meta":{"footnotes":""},"class_list":["post-1411","page","type-page","status-publish","hentry"],"yoast_head":"<!-- This site is optimized with the Yoast SEO Premium plugin v27.3 (Yoast SEO v27.3) - https:\/\/yoast.com\/product\/yoast-seo-premium-wordpress\/ -->\n<title>K\u00e1v\u00e9z\u00f3 - Hotel Teledom<\/title>\n<meta name=\"robots\" content=\"index, follow, max-snippet:-1, max-image-preview:large, max-video-preview:-1\" \/>\n<link rel=\"canonical\" href=\"https:\/\/www.hotelteledom.sk\/?page_id=643\" \/>\n<meta property=\"og:locale\" content=\"hu_HU\" \/>\n<meta property=\"og:type\" content=\"article\" \/>\n<meta property=\"og:title\" content=\"K\u00e1v\u00e9z\u00f3\" \/>\n<meta property=\"og:description\" content=\"\u00d6n is a j\u00f3 k\u00e1v\u00e9 szerelmesei k\u00f6z\u00e9 tartozik? Akkor j\u00f3 helyen van. Nagy \u00f6r\u00f6mmel fogadjuk \u00d6nt min\u0151s\u00e9gi k\u00e1v\u00e9nkkal, amely szebb\u00e9 tudja var\u00e1zsolni a nap minden r\u00e9sz\u00e9t. \u00c9lvezze reggeli k\u00e1v\u00e9j\u00e1t, olvasva a napi h\u00edreket, tegye kellemesebb\u00e9 itt az eb\u00e9dsz\u00fcneteit, vagy csak t\u00f6lts\u00f6n el egy kellemes d\u00e9lut\u00e1nt csal\u00e1dja \u00e9s bar\u00e1tai t\u00e1rsas\u00e1g\u00e1ban. Nyitva tart\u00e1s: H\u00e9tf\u0151 &#8211; P\u00e9ntek: Szombat [&hellip;]\" \/>\n<meta property=\"og:url\" content=\"https:\/\/www.hotelteledom.sk\/?page_id=643\" \/>\n<meta property=\"og:site_name\" content=\"Hotel Teledom\" \/>\n<meta property=\"article:publisher\" content=\"https:\/\/www.facebook.com\/teledomonline\" \/>\n<meta property=\"article:modified_time\" content=\"2019-11-05T15:06:40+00:00\" \/>\n<meta property=\"og:image\" content=\"https:\/\/www.hotelteledom.sk\/wp-content\/uploads\/2018\/05\/kava.jpeg\" \/>\n\t<meta property=\"og:image:width\" content=\"293\" \/>\n\t<meta property=\"og:image:height\" content=\"172\" \/>\n\t<meta property=\"og:image:type\" content=\"image\/jpeg\" \/>\n<meta name=\"twitter:card\" content=\"summary_large_image\" \/>\n<script type=\"application\/ld+json\" class=\"yoast-schema-graph\">{\"@context\":\"https:\\\/\\\/schema.org\",\"@graph\":[{\"@type\":\"WebPage\",\"@id\":\"https:\\\/\\\/www.hotelteledom.sk\\\/?page_id=643\",\"url\":\"https:\\\/\\\/www.hotelteledom.sk\\\/?page_id=643\",\"name\":\"K\u00e1v\u00e9z\u00f3 - Hotel Teledom\",\"isPartOf\":{\"@id\":\"https:\\\/\\\/www.hotelteledom.sk\\\/#website\"},\"primaryImageOfPage\":{\"@id\":\"https:\\\/\\\/www.hotelteledom.sk\\\/?page_id=643#primaryimage\"},\"image\":{\"@id\":\"https:\\\/\\\/www.hotelteledom.sk\\\/?page_id=643#primaryimage\"},\"thumbnailUrl\":\"https:\\\/\\\/www.hotelteledom.sk\\\/wp-content\\\/uploads\\\/2018\\\/05\\\/kava.jpeg\",\"datePublished\":\"2018-03-24T12:00:21+00:00\",\"dateModified\":\"2019-11-05T15:06:40+00:00\",\"breadcrumb\":{\"@id\":\"https:\\\/\\\/www.hotelteledom.sk\\\/?page_id=643#breadcrumb\"},\"inLanguage\":\"hu\",\"potentialAction\":[{\"@type\":\"ReadAction\",\"target\":[\"https:\\\/\\\/www.hotelteledom.sk\\\/?page_id=643\"]}]},{\"@type\":\"ImageObject\",\"inLanguage\":\"hu\",\"@id\":\"https:\\\/\\\/www.hotelteledom.sk\\\/?page_id=643#primaryimage\",\"url\":\"https:\\\/\\\/www.hotelteledom.sk\\\/wp-content\\\/uploads\\\/2018\\\/05\\\/kava.jpeg\",\"contentUrl\":\"https:\\\/\\\/www.hotelteledom.sk\\\/wp-content\\\/uploads\\\/2018\\\/05\\\/kava.jpeg\"},{\"@type\":\"BreadcrumbList\",\"@id\":\"https:\\\/\\\/www.hotelteledom.sk\\\/?page_id=643#breadcrumb\",\"itemListElement\":[{\"@type\":\"ListItem\",\"position\":1,\"name\":\"Domovsk\u00e1 str\u00e1nka\",\"item\":\"https:\\\/\\\/www.hotelteledom.sk\\\/hu\\\/\"},{\"@type\":\"ListItem\",\"position\":2,\"name\":\"K\u00e1v\u00e9z\u00f3\"}]},{\"@type\":\"WebSite\",\"@id\":\"https:\\\/\\\/www.hotelteledom.sk\\\/#website\",\"url\":\"https:\\\/\\\/www.hotelteledom.sk\\\/\",\"name\":\"Hotel TeleDom & Conference Center\",\"description\":\"Trojhviezdi\u010dkov\u00fd hotel, re\u0161taur\u00e1cia Mestsk\u00e1 Pivnica a konferen\u010dn\u00e9 centrum v historickom centre Ko\u0161\u00edc, 200 m od D\u00f3mu sv. Al\u017ebety.\",\"publisher\":{\"@id\":\"https:\\\/\\\/www.hotelteledom.sk\\\/#organization\"},\"alternateName\":\"Hotel TeleDom\",\"potentialAction\":[{\"@type\":\"SearchAction\",\"target\":{\"@type\":\"EntryPoint\",\"urlTemplate\":\"https:\\\/\\\/www.hotelteledom.sk\\\/?s={search_term_string}\"},\"query-input\":{\"@type\":\"PropertyValueSpecification\",\"valueRequired\":true,\"valueName\":\"search_term_string\"}}],\"inLanguage\":\"hu\"},{\"@type\":\"Organization\",\"@id\":\"https:\\\/\\\/www.hotelteledom.sk\\\/#organization\",\"name\":\"Novitech Partner s.r.o.\",\"url\":\"https:\\\/\\\/www.hotelteledom.sk\\\/\",\"logo\":{\"@type\":\"ImageObject\",\"inLanguage\":\"hu\",\"@id\":\"https:\\\/\\\/www.hotelteledom.sk\\\/#\\\/schema\\\/logo\\\/image\\\/\",\"url\":\"https:\\\/\\\/www.hotelteledom.sk\\\/wp-content\\\/uploads\\\/2022\\\/08\\\/cropped-teledom-logotyp-2021-2_\u041c\u043e\u043d\u0442\u0430\u0436\u043d\u0430\u044f-\u043e\u0431\u043b\u0430\u0441\u0442\u044c-1.png\",\"contentUrl\":\"https:\\\/\\\/www.hotelteledom.sk\\\/wp-content\\\/uploads\\\/2022\\\/08\\\/cropped-teledom-logotyp-2021-2_\u041c\u043e\u043d\u0442\u0430\u0436\u043d\u0430\u044f-\u043e\u0431\u043b\u0430\u0441\u0442\u044c-1.png\",\"width\":512,\"height\":512,\"caption\":\"Novitech Partner s.r.o.\"},\"image\":{\"@id\":\"https:\\\/\\\/www.hotelteledom.sk\\\/#\\\/schema\\\/logo\\\/image\\\/\"},\"sameAs\":[\"https:\\\/\\\/www.facebook.com\\\/teledomonline\",\"https:\\\/\\\/www.instagram.com\\\/teledomkosice\\\/\"],\"description\":\"Trojhviezdi\u010dkov\u00fd hotel, re\u0161taur\u00e1cia Mestsk\u00e1 Pivnica a konferen\u010dn\u00e9 centrum v historickom centre Ko\u0161\u00edc, 200 m od D\u00f3mu sv. Al\u017ebety.\",\"email\":\"online@teledom.sk\",\"telephone\":\"+421 55 327 44 01\",\"legalName\":\"Novitech Partner s.r.o.\",\"foundingDate\":\"2001-01-08\",\"vatID\":\"SK2020061043\",\"taxID\":\"2020061043\",\"numberOfEmployees\":{\"@type\":\"QuantitativeValue\",\"minValue\":\"11\",\"maxValue\":\"50\"},\"publishingPrinciples\":\"https:\\\/\\\/www.hotelteledom.sk\\\/gdpr-system-ochrany-osobnych-udajov-v-ramci-spolocnosti-novitech-partner-s-r-o\\\/\",\"ownershipFundingInfo\":\"https:\\\/\\\/www.hotelteledom.sk\\\/gdpr-system-ochrany-osobnych-udajov-v-ramci-spolocnosti-novitech-partner-s-r-o\\\/\",\"actionableFeedbackPolicy\":\"https:\\\/\\\/www.hotelteledom.sk\\\/gdpr-system-ochrany-osobnych-udajov-v-ramci-spolocnosti-novitech-partner-s-r-o\\\/\"}]}<\/script>\n<!-- \/ Yoast SEO Premium plugin. -->","yoast_head_json":{"title":"K\u00e1v\u00e9z\u00f3 - Hotel Teledom","robots":{"index":"index","follow":"follow","max-snippet":"max-snippet:-1","max-image-preview":"max-image-preview:large","max-video-preview":"max-video-preview:-1"},"canonical":"https:\/\/www.hotelteledom.sk\/?page_id=643","og_locale":"hu_HU","og_type":"article","og_title":"K\u00e1v\u00e9z\u00f3","og_description":"\u00d6n is a j\u00f3 k\u00e1v\u00e9 szerelmesei k\u00f6z\u00e9 tartozik? Akkor j\u00f3 helyen van. Nagy \u00f6r\u00f6mmel fogadjuk \u00d6nt min\u0151s\u00e9gi k\u00e1v\u00e9nkkal, amely szebb\u00e9 tudja var\u00e1zsolni a nap minden r\u00e9sz\u00e9t. \u00c9lvezze reggeli k\u00e1v\u00e9j\u00e1t, olvasva a napi h\u00edreket, tegye kellemesebb\u00e9 itt az eb\u00e9dsz\u00fcneteit, vagy csak t\u00f6lts\u00f6n el egy kellemes d\u00e9lut\u00e1nt csal\u00e1dja \u00e9s bar\u00e1tai t\u00e1rsas\u00e1g\u00e1ban. Nyitva tart\u00e1s: H\u00e9tf\u0151 &#8211; P\u00e9ntek: Szombat [&hellip;]","og_url":"https:\/\/www.hotelteledom.sk\/?page_id=643","og_site_name":"Hotel Teledom","article_publisher":"https:\/\/www.facebook.com\/teledomonline","article_modified_time":"2019-11-05T15:06:40+00:00","og_image":[{"width":293,"height":172,"url":"https:\/\/www.hotelteledom.sk\/wp-content\/uploads\/2018\/05\/kava.jpeg","type":"image\/jpeg"}],"twitter_card":"summary_large_image","schema":{"@context":"https:\/\/schema.org","@graph":[{"@type":"WebPage","@id":"https:\/\/www.hotelteledom.sk\/?page_id=643","url":"https:\/\/www.hotelteledom.sk\/?page_id=643","name":"K\u00e1v\u00e9z\u00f3 - Hotel Teledom","isPartOf":{"@id":"https:\/\/www.hotelteledom.sk\/#website"},"primaryImageOfPage":{"@id":"https:\/\/www.hotelteledom.sk\/?page_id=643#primaryimage"},"image":{"@id":"https:\/\/www.hotelteledom.sk\/?page_id=643#primaryimage"},"thumbnailUrl":"https:\/\/www.hotelteledom.sk\/wp-content\/uploads\/2018\/05\/kava.jpeg","datePublished":"2018-03-24T12:00:21+00:00","dateModified":"2019-11-05T15:06:40+00:00","breadcrumb":{"@id":"https:\/\/www.hotelteledom.sk\/?page_id=643#breadcrumb"},"inLanguage":"hu","potentialAction":[{"@type":"ReadAction","target":["https:\/\/www.hotelteledom.sk\/?page_id=643"]}]},{"@type":"ImageObject","inLanguage":"hu","@id":"https:\/\/www.hotelteledom.sk\/?page_id=643#primaryimage","url":"https:\/\/www.hotelteledom.sk\/wp-content\/uploads\/2018\/05\/kava.jpeg","contentUrl":"https:\/\/www.hotelteledom.sk\/wp-content\/uploads\/2018\/05\/kava.jpeg"},{"@type":"BreadcrumbList","@id":"https:\/\/www.hotelteledom.sk\/?page_id=643#breadcrumb","itemListElement":[{"@type":"ListItem","position":1,"name":"Domovsk\u00e1 str\u00e1nka","item":"https:\/\/www.hotelteledom.sk\/hu\/"},{"@type":"ListItem","position":2,"name":"K\u00e1v\u00e9z\u00f3"}]},{"@type":"WebSite","@id":"https:\/\/www.hotelteledom.sk\/#website","url":"https:\/\/www.hotelteledom.sk\/","name":"Hotel TeleDom & Conference Center","description":"Trojhviezdi\u010dkov\u00fd hotel, re\u0161taur\u00e1cia Mestsk\u00e1 Pivnica a konferen\u010dn\u00e9 centrum v historickom centre Ko\u0161\u00edc, 200 m od D\u00f3mu sv. Al\u017ebety.","publisher":{"@id":"https:\/\/www.hotelteledom.sk\/#organization"},"alternateName":"Hotel TeleDom","potentialAction":[{"@type":"SearchAction","target":{"@type":"EntryPoint","urlTemplate":"https:\/\/www.hotelteledom.sk\/?s={search_term_string}"},"query-input":{"@type":"PropertyValueSpecification","valueRequired":true,"valueName":"search_term_string"}}],"inLanguage":"hu"},{"@type":"Organization","@id":"https:\/\/www.hotelteledom.sk\/#organization","name":"Novitech Partner s.r.o.","url":"https:\/\/www.hotelteledom.sk\/","logo":{"@type":"ImageObject","inLanguage":"hu","@id":"https:\/\/www.hotelteledom.sk\/#\/schema\/logo\/image\/","url":"https:\/\/www.hotelteledom.sk\/wp-content\/uploads\/2022\/08\/cropped-teledom-logotyp-2021-2_\u041c\u043e\u043d\u0442\u0430\u0436\u043d\u0430\u044f-\u043e\u0431\u043b\u0430\u0441\u0442\u044c-1.png","contentUrl":"https:\/\/www.hotelteledom.sk\/wp-content\/uploads\/2022\/08\/cropped-teledom-logotyp-2021-2_\u041c\u043e\u043d\u0442\u0430\u0436\u043d\u0430\u044f-\u043e\u0431\u043b\u0430\u0441\u0442\u044c-1.png","width":512,"height":512,"caption":"Novitech Partner s.r.o."},"image":{"@id":"https:\/\/www.hotelteledom.sk\/#\/schema\/logo\/image\/"},"sameAs":["https:\/\/www.facebook.com\/teledomonline","https:\/\/www.instagram.com\/teledomkosice\/"],"description":"Trojhviezdi\u010dkov\u00fd hotel, re\u0161taur\u00e1cia Mestsk\u00e1 Pivnica a konferen\u010dn\u00e9 centrum v historickom centre Ko\u0161\u00edc, 200 m od D\u00f3mu sv. Al\u017ebety.","email":"online@teledom.sk","telephone":"+421 55 327 44 01","legalName":"Novitech Partner s.r.o.","foundingDate":"2001-01-08","vatID":"SK2020061043","taxID":"2020061043","numberOfEmployees":{"@type":"QuantitativeValue","minValue":"11","maxValue":"50"},"publishingPrinciples":"https:\/\/www.hotelteledom.sk\/gdpr-system-ochrany-osobnych-udajov-v-ramci-spolocnosti-novitech-partner-s-r-o\/","ownershipFundingInfo":"https:\/\/www.hotelteledom.sk\/gdpr-system-ochrany-osobnych-udajov-v-ramci-spolocnosti-novitech-partner-s-r-o\/","actionableFeedbackPolicy":"https:\/\/www.hotelteledom.sk\/gdpr-system-ochrany-osobnych-udajov-v-ramci-spolocnosti-novitech-partner-s-r-o\/"}]}},"_links":{"self":[{"href":"https:\/\/www.hotelteledom.sk\/hu\/wp-json\/wp\/v2\/pages\/1411","targetHints":{"allow":["GET"]}}],"collection":[{"href":"https:\/\/www.hotelteledom.sk\/hu\/wp-json\/wp\/v2\/pages"}],"about":[{"href":"https:\/\/www.hotelteledom.sk\/hu\/wp-json\/wp\/v2\/types\/page"}],"author":[{"embeddable":true,"href":"https:\/\/www.hotelteledom.sk\/hu\/wp-json\/wp\/v2\/users\/1"}],"replies":[{"embeddable":true,"href":"https:\/\/www.hotelteledom.sk\/hu\/wp-json\/wp\/v2\/comments?post=1411"}],"version-history":[{"count":12,"href":"https:\/\/www.hotelteledom.sk\/hu\/wp-json\/wp\/v2\/pages\/1411\/revisions"}],"predecessor-version":[{"id":3375,"href":"https:\/\/www.hotelteledom.sk\/hu\/wp-json\/wp\/v2\/pages\/1411\/revisions\/3375"}],"wp:attachment":[{"href":"https:\/\/www.hotelteledom.sk\/hu\/wp-json\/wp\/v2\/media?parent=1411"}],"curies":[{"name":"wp","href":"https:\/\/api.w.org\/{rel}","templated":true}]}}