{"id":1438,"date":"2016-11-30T13:47:26","date_gmt":"2016-11-30T12:47:26","guid":{"rendered":"http:\/\/www.hotelteledom.sk\/rezervujte-hotelovu-izbu\/"},"modified":"2019-11-25T16:07:47","modified_gmt":"2019-11-25T15:07:47","slug":"zimmerreservierungen","status":"publish","type":"page","link":"https:\/\/www.hotelteledom.sk\/de\/zimmerreservierungen\/","title":{"rendered":"Zimmerreservierungen"},"content":{"rendered":"\t\t<div data-elementor-type=\"wp-post\" data-elementor-id=\"1438\" class=\"elementor elementor-1438 elementor-66\" data-elementor-post-type=\"page\">\n\t\t\t\t\t\t<section class=\"elementor-section elementor-top-section elementor-element elementor-element-6a2cc057 elementor-section-boxed elementor-section-height-default elementor-section-height-default\" data-id=\"6a2cc057\" data-element_type=\"section\">\n\t\t\t\t\t\t<div class=\"elementor-container elementor-column-gap-default\">\n\t\t\t\t\t<div class=\"elementor-column elementor-col-100 elementor-top-column elementor-element elementor-element-7a60250e\" data-id=\"7a60250e\" data-element_type=\"column\">\n\t\t\t<div class=\"elementor-widget-wrap elementor-element-populated\">\n\t\t\t\t\t\t<div class=\"elementor-element elementor-element-05e70bc elementor-widget elementor-widget-text-editor\" data-id=\"05e70bc\" data-element_type=\"widget\" data-widget_type=\"text-editor.default\">\n\t\t\t\t<div class=\"elementor-widget-container\">\n\t\t\t\t\t\t\t<div><span style=\"color: black; font-family: Times New Roman,serif; font-size: medium;\"><span lang=\"de\">Das Hotel TeleDom befindet\u00a0<\/span><span style=\"font-size: medium;\"><span lang=\"de\">sich im Viertel Altstadt. Sie k\u00f6nnen den Bahnhof und den Busbahnhof\u00a0<\/span><\/span><span style=\"font-size: medium;\"><span lang=\"de\">bequem erreichen<\/span><\/span><span style=\"font-size: medium;\"><span lang=\"de\">. Der historische Kern von Kosice ist das gr\u00f6\u00dfte Denkmalreservat in der Slowakei. Die k\u00fcnstlerisch und historisch wertvollsten Objekte befinden sich heute rund um den urspr\u00fcnglichen mittelalterlichen Platz.<\/span><\/span><\/span><\/div>\t\t\t\t\t\t<\/div>\n\t\t\t\t<\/div>\n\t\t\t\t<div class=\"elementor-element elementor-element-da856aa elementor-widget elementor-widget-html\" data-id=\"da856aa\" data-element_type=\"widget\" data-widget_type=\"html.default\">\n\t\t\t\t<div class=\"elementor-widget-container\">\n\t\t\t<!-- Reservation PLUS start -->\n<script type=\"text\/javascript\" src=\"https:\/\/booking.previo.cz\/iframe\/\"><\/script>\n<iframe src=\"https:\/\/booking.previo.cz\/?hotId=42343&currency=EUR&lang=de\" scrolling=\"no\" frameborder=\"0\" width=\"100%\" height=\"2000\" name=\"previo-booking-iframe\" id=\"previo-booking-iframe\" allowTransparency=\"true\"><\/iframe>\n<!-- Reservation PLUS end --> \n\t\t<\/div>\n\t\t\t\t<\/div>\n\t\t\t\t\t<\/div>\n\t\t<\/div>\n\t\t\t\t\t<\/div>\n\t\t<\/section>\n\t\t\t\t<\/div>\n\t\t","protected":false},"excerpt":{"rendered":"<p>Das Hotel TeleDom befindet\u00a0sich im Viertel Altstadt. Sie k\u00f6nnen den Bahnhof und den Busbahnhof\u00a0bequem erreichen. Der historische Kern von Kosice ist das gr\u00f6\u00dfte Denkmalreservat in der Slowakei. Die k\u00fcnstlerisch und historisch wertvollsten Objekte befinden sich heute rund um den urspr\u00fcnglichen mittelalterlichen Platz.<\/p>\n","protected":false},"author":1,"featured_media":0,"parent":0,"menu_order":0,"comment_status":"closed","ping_status":"closed","template":"","meta":{"footnotes":""},"class_list":["post-1438","page","type-page","status-publish","hentry"],"yoast_head":"<!-- This site is optimized with the Yoast SEO Premium plugin v27.3 (Yoast SEO v27.3) - https:\/\/yoast.com\/product\/yoast-seo-premium-wordpress\/ -->\n<title>Zimmerreservierungen - Hotel Teledom<\/title>\n<meta name=\"robots\" content=\"index, follow, max-snippet:-1, max-image-preview:large, max-video-preview:-1\" \/>\n<link rel=\"canonical\" href=\"https:\/\/www.hotelteledom.sk\/reservation\/\" \/>\n<meta property=\"og:locale\" content=\"de_DE\" \/>\n<meta property=\"og:type\" content=\"article\" \/>\n<meta property=\"og:title\" content=\"Zimmerreservierungen\" \/>\n<meta property=\"og:description\" content=\"Das Hotel TeleDom befindet\u00a0sich im Viertel Altstadt. Sie k\u00f6nnen den Bahnhof und den Busbahnhof\u00a0bequem erreichen. Der historische Kern von Kosice ist das gr\u00f6\u00dfte Denkmalreservat in der Slowakei. Die k\u00fcnstlerisch und historisch wertvollsten Objekte befinden sich heute rund um den urspr\u00fcnglichen mittelalterlichen Platz.\" \/>\n<meta property=\"og:url\" content=\"https:\/\/www.hotelteledom.sk\/reservation\/\" \/>\n<meta property=\"og:site_name\" content=\"Hotel Teledom\" \/>\n<meta property=\"article:publisher\" content=\"https:\/\/www.facebook.com\/teledomonline\" \/>\n<meta property=\"article:modified_time\" content=\"2019-11-25T15:07:47+00:00\" \/>\n<meta property=\"og:image\" content=\"https:\/\/www.hotelteledom.sk\/wp-content\/uploads\/2026\/04\/2020-09-08.webp\" \/>\n\t<meta property=\"og:image:width\" content=\"680\" \/>\n\t<meta property=\"og:image:height\" content=\"410\" \/>\n\t<meta property=\"og:image:type\" content=\"image\/webp\" \/>\n<meta name=\"twitter:card\" content=\"summary_large_image\" \/>\n<script type=\"application\/ld+json\" class=\"yoast-schema-graph\">{\"@context\":\"https:\\\/\\\/schema.org\",\"@graph\":[{\"@type\":\"WebPage\",\"@id\":\"https:\\\/\\\/www.hotelteledom.sk\\\/reservation\\\/\",\"url\":\"https:\\\/\\\/www.hotelteledom.sk\\\/reservation\\\/\",\"name\":\"Zimmerreservierungen - Hotel Teledom\",\"isPartOf\":{\"@id\":\"https:\\\/\\\/www.hotelteledom.sk\\\/#website\"},\"datePublished\":\"2016-11-30T12:47:26+00:00\",\"dateModified\":\"2019-11-25T15:07:47+00:00\",\"breadcrumb\":{\"@id\":\"https:\\\/\\\/www.hotelteledom.sk\\\/reservation\\\/#breadcrumb\"},\"inLanguage\":\"de\",\"potentialAction\":[{\"@type\":\"ReadAction\",\"target\":[\"https:\\\/\\\/www.hotelteledom.sk\\\/reservation\\\/\"]}]},{\"@type\":\"BreadcrumbList\",\"@id\":\"https:\\\/\\\/www.hotelteledom.sk\\\/reservation\\\/#breadcrumb\",\"itemListElement\":[{\"@type\":\"ListItem\",\"position\":1,\"name\":\"Domovsk\u00e1 str\u00e1nka\",\"item\":\"https:\\\/\\\/www.hotelteledom.sk\\\/\"},{\"@type\":\"ListItem\",\"position\":2,\"name\":\"Zimmerreservierungen\"}]},{\"@type\":\"WebSite\",\"@id\":\"https:\\\/\\\/www.hotelteledom.sk\\\/#website\",\"url\":\"https:\\\/\\\/www.hotelteledom.sk\\\/\",\"name\":\"Hotel TeleDom & Conference Center\",\"description\":\"Trojhviezdi\u010dkov\u00fd hotel, re\u0161taur\u00e1cia Mestsk\u00e1 Pivnica a konferen\u010dn\u00e9 centrum v historickom centre Ko\u0161\u00edc, 200 m od D\u00f3mu sv. Al\u017ebety.\",\"publisher\":{\"@id\":\"https:\\\/\\\/www.hotelteledom.sk\\\/#organization\"},\"alternateName\":\"Hotel TeleDom\",\"potentialAction\":[{\"@type\":\"SearchAction\",\"target\":{\"@type\":\"EntryPoint\",\"urlTemplate\":\"https:\\\/\\\/www.hotelteledom.sk\\\/?s={search_term_string}\"},\"query-input\":{\"@type\":\"PropertyValueSpecification\",\"valueRequired\":true,\"valueName\":\"search_term_string\"}}],\"inLanguage\":\"de\"},{\"@type\":\"Organization\",\"@id\":\"https:\\\/\\\/www.hotelteledom.sk\\\/#organization\",\"name\":\"Novitech Partner s.r.o.\",\"url\":\"https:\\\/\\\/www.hotelteledom.sk\\\/\",\"logo\":{\"@type\":\"ImageObject\",\"inLanguage\":\"de\",\"@id\":\"https:\\\/\\\/www.hotelteledom.sk\\\/#\\\/schema\\\/logo\\\/image\\\/\",\"url\":\"https:\\\/\\\/www.hotelteledom.sk\\\/wp-content\\\/uploads\\\/2022\\\/08\\\/cropped-teledom-logotyp-2021-2_\u041c\u043e\u043d\u0442\u0430\u0436\u043d\u0430\u044f-\u043e\u0431\u043b\u0430\u0441\u0442\u044c-1.png\",\"contentUrl\":\"https:\\\/\\\/www.hotelteledom.sk\\\/wp-content\\\/uploads\\\/2022\\\/08\\\/cropped-teledom-logotyp-2021-2_\u041c\u043e\u043d\u0442\u0430\u0436\u043d\u0430\u044f-\u043e\u0431\u043b\u0430\u0441\u0442\u044c-1.png\",\"width\":512,\"height\":512,\"caption\":\"Novitech Partner s.r.o.\"},\"image\":{\"@id\":\"https:\\\/\\\/www.hotelteledom.sk\\\/#\\\/schema\\\/logo\\\/image\\\/\"},\"sameAs\":[\"https:\\\/\\\/www.facebook.com\\\/teledomonline\",\"https:\\\/\\\/www.instagram.com\\\/teledomkosice\\\/\"],\"description\":\"Trojhviezdi\u010dkov\u00fd hotel, re\u0161taur\u00e1cia Mestsk\u00e1 Pivnica a konferen\u010dn\u00e9 centrum v historickom centre Ko\u0161\u00edc, 200 m od D\u00f3mu sv. Al\u017ebety.\",\"email\":\"online@teledom.sk\",\"telephone\":\"+421 55 327 44 01\",\"legalName\":\"Novitech Partner s.r.o.\",\"foundingDate\":\"2001-01-08\",\"vatID\":\"SK2020061043\",\"taxID\":\"2020061043\",\"numberOfEmployees\":{\"@type\":\"QuantitativeValue\",\"minValue\":\"11\",\"maxValue\":\"50\"},\"publishingPrinciples\":\"https:\\\/\\\/www.hotelteledom.sk\\\/gdpr-system-ochrany-osobnych-udajov-v-ramci-spolocnosti-novitech-partner-s-r-o\\\/\",\"ownershipFundingInfo\":\"https:\\\/\\\/www.hotelteledom.sk\\\/gdpr-system-ochrany-osobnych-udajov-v-ramci-spolocnosti-novitech-partner-s-r-o\\\/\",\"actionableFeedbackPolicy\":\"https:\\\/\\\/www.hotelteledom.sk\\\/gdpr-system-ochrany-osobnych-udajov-v-ramci-spolocnosti-novitech-partner-s-r-o\\\/\"}]}<\/script>\n<!-- \/ Yoast SEO Premium plugin. -->","yoast_head_json":{"title":"Zimmerreservierungen - Hotel Teledom","robots":{"index":"index","follow":"follow","max-snippet":"max-snippet:-1","max-image-preview":"max-image-preview:large","max-video-preview":"max-video-preview:-1"},"canonical":"https:\/\/www.hotelteledom.sk\/reservation\/","og_locale":"de_DE","og_type":"article","og_title":"Zimmerreservierungen","og_description":"Das Hotel TeleDom befindet\u00a0sich im Viertel Altstadt. Sie k\u00f6nnen den Bahnhof und den Busbahnhof\u00a0bequem erreichen. Der historische Kern von Kosice ist das gr\u00f6\u00dfte Denkmalreservat in der Slowakei. Die k\u00fcnstlerisch und historisch wertvollsten Objekte befinden sich heute rund um den urspr\u00fcnglichen mittelalterlichen Platz.","og_url":"https:\/\/www.hotelteledom.sk\/reservation\/","og_site_name":"Hotel Teledom","article_publisher":"https:\/\/www.facebook.com\/teledomonline","article_modified_time":"2019-11-25T15:07:47+00:00","og_image":[{"width":680,"height":410,"url":"https:\/\/www.hotelteledom.sk\/wp-content\/uploads\/2026\/04\/2020-09-08.webp","type":"image\/webp"}],"twitter_card":"summary_large_image","schema":{"@context":"https:\/\/schema.org","@graph":[{"@type":"WebPage","@id":"https:\/\/www.hotelteledom.sk\/reservation\/","url":"https:\/\/www.hotelteledom.sk\/reservation\/","name":"Zimmerreservierungen - Hotel Teledom","isPartOf":{"@id":"https:\/\/www.hotelteledom.sk\/#website"},"datePublished":"2016-11-30T12:47:26+00:00","dateModified":"2019-11-25T15:07:47+00:00","breadcrumb":{"@id":"https:\/\/www.hotelteledom.sk\/reservation\/#breadcrumb"},"inLanguage":"de","potentialAction":[{"@type":"ReadAction","target":["https:\/\/www.hotelteledom.sk\/reservation\/"]}]},{"@type":"BreadcrumbList","@id":"https:\/\/www.hotelteledom.sk\/reservation\/#breadcrumb","itemListElement":[{"@type":"ListItem","position":1,"name":"Domovsk\u00e1 str\u00e1nka","item":"https:\/\/www.hotelteledom.sk\/"},{"@type":"ListItem","position":2,"name":"Zimmerreservierungen"}]},{"@type":"WebSite","@id":"https:\/\/www.hotelteledom.sk\/#website","url":"https:\/\/www.hotelteledom.sk\/","name":"Hotel TeleDom & Conference Center","description":"Trojhviezdi\u010dkov\u00fd hotel, re\u0161taur\u00e1cia Mestsk\u00e1 Pivnica a konferen\u010dn\u00e9 centrum v historickom centre Ko\u0161\u00edc, 200 m od D\u00f3mu sv. Al\u017ebety.","publisher":{"@id":"https:\/\/www.hotelteledom.sk\/#organization"},"alternateName":"Hotel TeleDom","potentialAction":[{"@type":"SearchAction","target":{"@type":"EntryPoint","urlTemplate":"https:\/\/www.hotelteledom.sk\/?s={search_term_string}"},"query-input":{"@type":"PropertyValueSpecification","valueRequired":true,"valueName":"search_term_string"}}],"inLanguage":"de"},{"@type":"Organization","@id":"https:\/\/www.hotelteledom.sk\/#organization","name":"Novitech Partner s.r.o.","url":"https:\/\/www.hotelteledom.sk\/","logo":{"@type":"ImageObject","inLanguage":"de","@id":"https:\/\/www.hotelteledom.sk\/#\/schema\/logo\/image\/","url":"https:\/\/www.hotelteledom.sk\/wp-content\/uploads\/2022\/08\/cropped-teledom-logotyp-2021-2_\u041c\u043e\u043d\u0442\u0430\u0436\u043d\u0430\u044f-\u043e\u0431\u043b\u0430\u0441\u0442\u044c-1.png","contentUrl":"https:\/\/www.hotelteledom.sk\/wp-content\/uploads\/2022\/08\/cropped-teledom-logotyp-2021-2_\u041c\u043e\u043d\u0442\u0430\u0436\u043d\u0430\u044f-\u043e\u0431\u043b\u0430\u0441\u0442\u044c-1.png","width":512,"height":512,"caption":"Novitech Partner s.r.o."},"image":{"@id":"https:\/\/www.hotelteledom.sk\/#\/schema\/logo\/image\/"},"sameAs":["https:\/\/www.facebook.com\/teledomonline","https:\/\/www.instagram.com\/teledomkosice\/"],"description":"Trojhviezdi\u010dkov\u00fd hotel, re\u0161taur\u00e1cia Mestsk\u00e1 Pivnica a konferen\u010dn\u00e9 centrum v historickom centre Ko\u0161\u00edc, 200 m od D\u00f3mu sv. Al\u017ebety.","email":"online@teledom.sk","telephone":"+421 55 327 44 01","legalName":"Novitech Partner s.r.o.","foundingDate":"2001-01-08","vatID":"SK2020061043","taxID":"2020061043","numberOfEmployees":{"@type":"QuantitativeValue","minValue":"11","maxValue":"50"},"publishingPrinciples":"https:\/\/www.hotelteledom.sk\/gdpr-system-ochrany-osobnych-udajov-v-ramci-spolocnosti-novitech-partner-s-r-o\/","ownershipFundingInfo":"https:\/\/www.hotelteledom.sk\/gdpr-system-ochrany-osobnych-udajov-v-ramci-spolocnosti-novitech-partner-s-r-o\/","actionableFeedbackPolicy":"https:\/\/www.hotelteledom.sk\/gdpr-system-ochrany-osobnych-udajov-v-ramci-spolocnosti-novitech-partner-s-r-o\/"}]}},"_links":{"self":[{"href":"https:\/\/www.hotelteledom.sk\/de\/wp-json\/wp\/v2\/pages\/1438","targetHints":{"allow":["GET"]}}],"collection":[{"href":"https:\/\/www.hotelteledom.sk\/de\/wp-json\/wp\/v2\/pages"}],"about":[{"href":"https:\/\/www.hotelteledom.sk\/de\/wp-json\/wp\/v2\/types\/page"}],"author":[{"embeddable":true,"href":"https:\/\/www.hotelteledom.sk\/de\/wp-json\/wp\/v2\/users\/1"}],"replies":[{"embeddable":true,"href":"https:\/\/www.hotelteledom.sk\/de\/wp-json\/wp\/v2\/comments?post=1438"}],"version-history":[{"count":4,"href":"https:\/\/www.hotelteledom.sk\/de\/wp-json\/wp\/v2\/pages\/1438\/revisions"}],"predecessor-version":[{"id":3448,"href":"https:\/\/www.hotelteledom.sk\/de\/wp-json\/wp\/v2\/pages\/1438\/revisions\/3448"}],"wp:attachment":[{"href":"https:\/\/www.hotelteledom.sk\/de\/wp-json\/wp\/v2\/media?parent=1438"}],"curies":[{"name":"wp","href":"https:\/\/api.w.org\/{rel}","templated":true}]}}